{"id":1223691,"date":"2021-10-25T13:58:53","date_gmt":"2021-10-25T12:58:53","guid":{"rendered":"https:\/\/prilux.es\/product\/icon-par20-wh-smart-8w-850-e27-230v-2\/"},"modified":"2025-03-21T12:45:40","modified_gmt":"2025-03-21T11:45:40","slug":"icon-par20-wh-smart-8w-850-e27-230v-2","status":"publish","type":"product","link":"https:\/\/prilux.es\/pt-pt\/produto\/icon-par20-wh-smart-8w-850-e27-230v-2\/","title":{"rendered":"ICON PAR20 WH SMART 8W 850 E27 230V"},"content":{"rendered":"<p>\u00cdcone de l\u00e2mpada LED de baixo consumo PAR 20 smart, da fam\u00edlia Prilux LED SMART. Com uma pot\u00eancia de 8W, a uma tens\u00e3o de 230V AC. A l\u00e2mpada economizadora oferece um fluxo luminoso de 698 lumens e est\u00e1 equipada com l\u00e2mpadas LED com uma temperatura de cor de 5.000K e um tom de luz ligeiramente frio. Esta l\u00e2mpada, que tem um corpo branco, tem uma tomada E27 e o \u00e2ngulo de feixe \u00e9 de 45 \u00b0. A excelente economia de consumo oferecida por esta l\u00e2mpada \u00e9 demonstrada pela sua classe de efici\u00eancia energ\u00e9tica, que corresponde \u00e0 classe A +. Esta economia, aliada \u00e0 sua longa vida \u00fatil que ultrapassa 30.000 horas de uso, fazem dela uma l\u00e2mpada com custo m\u00ednimo de manuten\u00e7\u00e3o, o que representa uma economia de consumo de 87% em rela\u00e7\u00e3o a uma l\u00e2mpada hal\u00f3gena. Com um \u00edndice de reprodu\u00e7\u00e3o de cores de Ra&gt; 80, esta l\u00e2mpada ilumina fielmente as cores dos objetos iluminados. Tem a capacidade de trabalhar em temperaturas que variam de -5 \u00b0 C a 35 \u00b0 C. As dimens\u00f5es desta l\u00e2mpada inteligente PAR 20 \u00edcone s\u00e3o \u00f863 x 84 mm.<\/p>\n","protected":false},"excerpt":{"rendered":"<p>\u00cdcone de l\u00e2mpada LED de baixo consumo PAR 20 smart, da fam\u00edlia Prilux LED SMART. Com uma pot\u00eancia de 8W, a uma tens\u00e3o de 230V AC. A l\u00e2mpada economizadora oferece um fluxo luminoso de 698 lumens e est\u00e1 equipada com l\u00e2mpadas LED com uma temperatura de cor de 5.000K e um tom de luz ligeiramente frio. Esta l\u00e2mpada, que tem um corpo branco, tem uma tomada E27 e o \u00e2ngulo de feixe \u00e9 de 45 \u00b0. A excelente economia de consumo oferecida por esta l\u00e2mpada \u00e9 demonstrada pela sua classe de efici\u00eancia energ\u00e9tica, que corresponde \u00e0 classe A +. Esta economia, aliada \u00e0 sua longa vida \u00fatil que ultrapassa 30.000 horas de uso, fazem dela uma l\u00e2mpada com custo m\u00ednimo de manuten\u00e7\u00e3o, o que representa uma economia de consumo de 87% em rela\u00e7\u00e3o a uma l\u00e2mpada hal\u00f3gena. Com um \u00edndice de reprodu\u00e7\u00e3o de cores de Ra&gt; 80, esta l\u00e2mpada ilumina fielmente as cores dos objetos iluminados. Tem a capacidade de trabalhar em temperaturas que variam de -5 \u00b0 C a 35 \u00b0 C. As dimens\u00f5es desta l\u00e2mpada inteligente PAR 20 \u00edcone s\u00e3o \u00f863 x 84 mm.<\/p>\n","protected":false},"featured_media":51417,"template":"","meta":[],"product_cat":[15],"product_tag":[],"familia":[{"id":25307,"name":"ICON PAR","slug":"icon-par-pt"}],"acf":[],"_links":{"self":[{"href":"https:\/\/prilux.es\/pt-pt\/wp-json\/wp\/v2\/product\/1223691"}],"collection":[{"href":"https:\/\/prilux.es\/pt-pt\/wp-json\/wp\/v2\/product"}],"about":[{"href":"https:\/\/prilux.es\/pt-pt\/wp-json\/wp\/v2\/types\/product"}],"version-history":[{"count":0,"href":"https:\/\/prilux.es\/pt-pt\/wp-json\/wp\/v2\/product\/1223691\/revisions"}],"wp:featuredmedia":[{"embeddable":true,"href":"https:\/\/prilux.es\/pt-pt\/wp-json\/wp\/v2\/media\/51417"}],"wp:attachment":[{"href":"https:\/\/prilux.es\/pt-pt\/wp-json\/wp\/v2\/media?parent=1223691"}],"wp:term":[{"taxonomy":"product_cat","embeddable":true,"href":"https:\/\/prilux.es\/pt-pt\/wp-json\/wp\/v2\/product_cat?post=1223691"},{"taxonomy":"product_tag","embeddable":true,"href":"https:\/\/prilux.es\/pt-pt\/wp-json\/wp\/v2\/product_tag?post=1223691"},{"taxonomy":"familia","embeddable":true,"href":"https:\/\/prilux.es\/pt-pt\/wp-json\/wp\/v2\/familia?post=1223691"}],"curies":[{"name":"wp","href":"https:\/\/api.w.org\/{rel}","templated":true}]}}