{"id":1223692,"date":"2021-10-25T13:48:24","date_gmt":"2021-10-25T12:48:24","guid":{"rendered":"https:\/\/prilux.es\/product\/icon-par38-smart-15w-30o-e27-850-ip65-2\/"},"modified":"2025-03-21T12:33:06","modified_gmt":"2025-03-21T11:33:06","slug":"icon-par38-smart-15w-30o-e27-850-ip65-2","status":"publish","type":"product","link":"https:\/\/prilux.es\/pt-pt\/produto\/icon-par38-smart-15w-30o-e27-850-ip65-2\/","title":{"rendered":"ICON PAR38 SMART 15W 30\u00ba E27 850 IP65"},"content":{"rendered":"<p>\u00cdcone de l\u00e2mpada LED de baixo consumo PAR 38 IP65 smart, da fam\u00edlia Prilux LED SMART. Com uma pot\u00eancia de 15W, a uma tens\u00e3o de 230V AC. A l\u00e2mpada economizadora de energia oferece um fluxo luminoso de 1.321 lumens e est\u00e1 equipada com l\u00e2mpadas LED com uma temperatura de cor de 5.000K e um tom de luz ligeiramente frio. Esta l\u00e2mpada, que tem um corpo cinza escuro, tem um soquete E27 e o \u00e2ngulo de feixe \u00e9 de 30 \u00b0. A excelente economia de consumo oferecida por esta l\u00e2mpada \u00e9 demonstrada pela sua classe de efici\u00eancia energ\u00e9tica, que corresponde \u00e0 classe A +. Esta economia, aliada \u00e0 sua longa vida \u00fatil que ultrapassa 40.000 horas de uso, fazem dela uma l\u00e2mpada com custo m\u00ednimo de manuten\u00e7\u00e3o e que representa uma economia de consumo de 82% em rela\u00e7\u00e3o a uma l\u00e2mpada hal\u00f3gena. Al\u00e9m disso, esta l\u00e2mpada \u00e9 adequada para uso ao ar livre: gra\u00e7as \u00e0 sua excepcional classifica\u00e7\u00e3o de prote\u00e7\u00e3o IP65, ela \u00e9 protegida contra intemp\u00e9ries. Com um \u00edndice de reprodu\u00e7\u00e3o de cores de Ra&gt; 80, esta l\u00e2mpada ilumina fielmente as cores dos objetos iluminados. \u00c9 capaz de trabalhar em temperaturas que variam de -10 \u00b0 C a 45 \u00b0 C. As dimens\u00f5es desta l\u00e2mpada inteligente PAR 38 IP65 \u00edcone s\u00e3o \u00f8122 x 135 mm.<\/p>\n","protected":false},"excerpt":{"rendered":"<p>\u00cdcone de l\u00e2mpada LED de baixo consumo PAR 38 IP65 smart, da fam\u00edlia Prilux LED SMART. Com uma pot\u00eancia de 15W, a uma tens\u00e3o de 230V AC. A l\u00e2mpada economizadora de energia oferece um fluxo luminoso de 1.321 lumens e est\u00e1 equipada com l\u00e2mpadas LED com uma temperatura de cor de 5.000K e um tom de luz ligeiramente frio. Esta l\u00e2mpada, que tem um corpo cinza escuro, tem um soquete E27 e o \u00e2ngulo de feixe \u00e9 de 30 \u00b0. A excelente economia de consumo oferecida por esta l\u00e2mpada \u00e9 demonstrada pela sua classe de efici\u00eancia energ\u00e9tica, que corresponde \u00e0 classe A +. Esta economia, aliada \u00e0 sua longa vida \u00fatil que ultrapassa 40.000 horas de uso, fazem dela uma l\u00e2mpada com custo m\u00ednimo de manuten\u00e7\u00e3o e que representa uma economia de consumo de 82% em rela\u00e7\u00e3o a uma l\u00e2mpada hal\u00f3gena. Al\u00e9m disso, esta l\u00e2mpada \u00e9 adequada para uso ao ar livre: gra\u00e7as \u00e0 sua excepcional classifica\u00e7\u00e3o de prote\u00e7\u00e3o IP65, ela \u00e9 protegida contra intemp\u00e9ries. Com um \u00edndice de reprodu\u00e7\u00e3o de cores de Ra&gt; 80, esta l\u00e2mpada ilumina fielmente as cores dos objetos iluminados. \u00c9 capaz de trabalhar em temperaturas que variam de -10 \u00b0 C a 45 \u00b0 C. As dimens\u00f5es desta l\u00e2mpada inteligente PAR 38 IP65 \u00edcone s\u00e3o \u00f8122 x 135 mm.<\/p>\n","protected":false},"featured_media":50024,"template":"","meta":[],"product_cat":[15],"product_tag":[],"familia":[{"id":25307,"name":"ICON PAR","slug":"icon-par-pt"}],"acf":[],"_links":{"self":[{"href":"https:\/\/prilux.es\/pt-pt\/wp-json\/wp\/v2\/product\/1223692"}],"collection":[{"href":"https:\/\/prilux.es\/pt-pt\/wp-json\/wp\/v2\/product"}],"about":[{"href":"https:\/\/prilux.es\/pt-pt\/wp-json\/wp\/v2\/types\/product"}],"version-history":[{"count":0,"href":"https:\/\/prilux.es\/pt-pt\/wp-json\/wp\/v2\/product\/1223692\/revisions"}],"wp:featuredmedia":[{"embeddable":true,"href":"https:\/\/prilux.es\/pt-pt\/wp-json\/wp\/v2\/media\/50024"}],"wp:attachment":[{"href":"https:\/\/prilux.es\/pt-pt\/wp-json\/wp\/v2\/media?parent=1223692"}],"wp:term":[{"taxonomy":"product_cat","embeddable":true,"href":"https:\/\/prilux.es\/pt-pt\/wp-json\/wp\/v2\/product_cat?post=1223692"},{"taxonomy":"product_tag","embeddable":true,"href":"https:\/\/prilux.es\/pt-pt\/wp-json\/wp\/v2\/product_tag?post=1223692"},{"taxonomy":"familia","embeddable":true,"href":"https:\/\/prilux.es\/pt-pt\/wp-json\/wp\/v2\/familia?post=1223692"}],"curies":[{"name":"wp","href":"https:\/\/api.w.org\/{rel}","templated":true}]}}