{"id":1223693,"date":"2021-10-25T14:04:29","date_gmt":"2021-10-25T13:04:29","guid":{"rendered":"https:\/\/prilux.es\/product\/icon-par56-smart-led-18w-rgb-on-off-2\/"},"modified":"2024-10-28T11:24:54","modified_gmt":"2024-10-28T10:24:54","slug":"icon-par56-smart-led-18w-rgb-on-off-2","status":"publish","type":"product","link":"https:\/\/prilux.es\/pt-pt\/produto\/icon-par56-smart-led-18w-rgb-on-off-2\/","title":{"rendered":"ICON PAR56 SMART LED 18W RGB ON\/OFF"},"content":{"rendered":"<p>\u00cdcone de l\u00e2mpada LED de baixo consumo PAR 56 smart, da fam\u00edlia Prilux LED SMART. Com pot\u00eancia de 18W, voltagem de 12V AC e 1.500mA de intensidade. A l\u00e2mpada economizadora de energia oferece ilumina\u00e7\u00e3o colorida gra\u00e7as \u00e0 sua l\u00e2mpada RGB. Para o controle On \/ Off com o controlador RGB com controle remoto (ref. 164122). Esta l\u00e2mpada circular tem um \u00e2ngulo de feixe de 100 \u00b0. Tem uma longa vida \u00fatil de L70&gt; 50.000 horas de uso. \u00c9 adequado para uso externo: gra\u00e7as \u00e0 sua excepcional classifica\u00e7\u00e3o de prote\u00e7\u00e3o IP68, \u00e9 protegido contra intemp\u00e9ries e permite que seja usado em ambientes \u00famidos ou \u00famidos. Com um \u00edndice de reprodu\u00e7\u00e3o de cores de Ra&gt; 80, esta l\u00e2mpada ilumina fielmente as cores dos objetos iluminados. \u00c9 capaz de trabalhar em temperaturas que variam de -10 \u00b0 C a 45 \u00b0 C. As dimens\u00f5es desta l\u00e2mpada inteligente PAR 56 \u00edcone s\u00e3o \u00f8177 x 105 mm.<\/p>\n","protected":false},"excerpt":{"rendered":"<p>\u00cdcone de l\u00e2mpada LED de baixo consumo PAR 56 smart, da fam\u00edlia Prilux LED SMART. Com pot\u00eancia de 18W, voltagem de 12V AC e 1.500mA de intensidade. A l\u00e2mpada economizadora de energia oferece ilumina\u00e7\u00e3o colorida gra\u00e7as \u00e0 sua l\u00e2mpada RGB. Para o controle On \/ Off com o controlador RGB com controle remoto (ref. 164122). Esta l\u00e2mpada circular tem um \u00e2ngulo de feixe de 100 \u00b0. Tem uma longa vida \u00fatil de L70&gt; 50.000 horas de uso. \u00c9 adequado para uso externo: gra\u00e7as \u00e0 sua excepcional classifica\u00e7\u00e3o de prote\u00e7\u00e3o IP68, \u00e9 protegido contra intemp\u00e9ries e permite que seja usado em ambientes \u00famidos ou \u00famidos. Com um \u00edndice de reprodu\u00e7\u00e3o de cores de Ra&gt; 80, esta l\u00e2mpada ilumina fielmente as cores dos objetos iluminados. \u00c9 capaz de trabalhar em temperaturas que variam de -10 \u00b0 C a 45 \u00b0 C. As dimens\u00f5es desta l\u00e2mpada inteligente PAR 56 \u00edcone s\u00e3o \u00f8177 x 105 mm.<\/p>\n","protected":false},"featured_media":50848,"template":"","meta":[],"product_cat":[15],"product_tag":[],"familia":[],"acf":[],"_links":{"self":[{"href":"https:\/\/prilux.es\/pt-pt\/wp-json\/wp\/v2\/product\/1223693"}],"collection":[{"href":"https:\/\/prilux.es\/pt-pt\/wp-json\/wp\/v2\/product"}],"about":[{"href":"https:\/\/prilux.es\/pt-pt\/wp-json\/wp\/v2\/types\/product"}],"version-history":[{"count":0,"href":"https:\/\/prilux.es\/pt-pt\/wp-json\/wp\/v2\/product\/1223693\/revisions"}],"wp:featuredmedia":[{"embeddable":true,"href":"https:\/\/prilux.es\/pt-pt\/wp-json\/wp\/v2\/media\/50848"}],"wp:attachment":[{"href":"https:\/\/prilux.es\/pt-pt\/wp-json\/wp\/v2\/media?parent=1223693"}],"wp:term":[{"taxonomy":"product_cat","embeddable":true,"href":"https:\/\/prilux.es\/pt-pt\/wp-json\/wp\/v2\/product_cat?post=1223693"},{"taxonomy":"product_tag","embeddable":true,"href":"https:\/\/prilux.es\/pt-pt\/wp-json\/wp\/v2\/product_tag?post=1223693"},{"taxonomy":"familia","embeddable":true,"href":"https:\/\/prilux.es\/pt-pt\/wp-json\/wp\/v2\/familia?post=1223693"}],"curies":[{"name":"wp","href":"https:\/\/api.w.org\/{rel}","templated":true}]}}