{"id":1223733,"date":"2021-10-25T14:08:08","date_gmt":"2021-10-25T13:08:08","guid":{"rendered":"https:\/\/prilux.es\/product\/essense-flame-basic-5w-850-e14-erp-2\/"},"modified":"2024-10-28T11:25:49","modified_gmt":"2024-10-28T10:25:49","slug":"essense-flame-basic-5w-850-e14-erp-2","status":"publish","type":"product","link":"https:\/\/prilux.es\/pt-pt\/produto\/essense-flame-basic-5w-850-e14-erp-2\/","title":{"rendered":"ESSENSE FLAME BASIC 5W 850 E14 ERP"},"content":{"rendered":"<p>L\u00e2mpada ESSENSE FLAME BASIC com 5W de pot\u00eancia, 230V AC, da fam\u00edlia PRILUX LED BASIC. \u00c9 uma l\u00e2mpada com tecnologia LED que proporciona consider\u00e1veis poupan\u00e7as de consumo, e possui o excelente certificado de efici\u00eancia classe A +, que assim a certifica. Isso se traduz em uma economia de consumo de 87% em rela\u00e7\u00e3o ao uso das tradicionais l\u00e2mpadas incandescentes. ESSENSE FLAME BASIC est\u00e1 equipado com 5000K LEDs com temperatura de cor e tom de luz ligeiramente frio, e oferece um fluxo luminoso de 552 lumens. Al\u00e9m de economizar no consumo, essa l\u00e2mpada possui longa vida \u00fatil de 15.000 horas, reduzindo ao m\u00ednimo seu custo de manuten\u00e7\u00e3o. O \u00e2ngulo do feixe \u00e9 de 280 \u00b0 e a ilumina\u00e7\u00e3o do espa\u00e7o \u00e9 da mais alta qualidade gra\u00e7as ao seu \u00edndice de reprodu\u00e7\u00e3o de cores Ra&gt; 80, que garante uma reprodu\u00e7\u00e3o fiel das cores dos objetos iluminados. A l\u00e2mpada ESSENSE FLAME BASIC tem uma tomada E14, um difusor opalino e \u00e9 branca. Tem a forma de uma vela e as dimens\u00f5es de \u00f835x102mm.<\/p>\n","protected":false},"excerpt":{"rendered":"<p>L\u00e2mpada ESSENSE FLAME BASIC com 5W de pot\u00eancia, 230V AC, da fam\u00edlia PRILUX LED BASIC. \u00c9 uma l\u00e2mpada com tecnologia LED que proporciona consider\u00e1veis poupan\u00e7as de consumo, e possui o excelente certificado de efici\u00eancia classe A +, que assim a certifica. Isso se traduz em uma economia de consumo de 87% em rela\u00e7\u00e3o ao uso das tradicionais l\u00e2mpadas incandescentes. ESSENSE FLAME BASIC est\u00e1 equipado com 5000K LEDs com temperatura de cor e tom de luz ligeiramente frio, e oferece um fluxo luminoso de 552 lumens. Al\u00e9m de economizar no consumo, essa l\u00e2mpada possui longa vida \u00fatil de 15.000 horas, reduzindo ao m\u00ednimo seu custo de manuten\u00e7\u00e3o. O \u00e2ngulo do feixe \u00e9 de 280 \u00b0 e a ilumina\u00e7\u00e3o do espa\u00e7o \u00e9 da mais alta qualidade gra\u00e7as ao seu \u00edndice de reprodu\u00e7\u00e3o de cores Ra&gt; 80, que garante uma reprodu\u00e7\u00e3o fiel das cores dos objetos iluminados. A l\u00e2mpada ESSENSE FLAME BASIC tem uma tomada E14, um difusor opalino e \u00e9 branca. Tem a forma de uma vela e as dimens\u00f5es de \u00f835x102mm.<\/p>\n","protected":false},"featured_media":50176,"template":"","meta":[],"product_cat":[15],"product_tag":[],"familia":[{"id":25238,"name":"ESSENSE FLAME","slug":"essense-flame-pt"}],"acf":[],"_links":{"self":[{"href":"https:\/\/prilux.es\/pt-pt\/wp-json\/wp\/v2\/product\/1223733"}],"collection":[{"href":"https:\/\/prilux.es\/pt-pt\/wp-json\/wp\/v2\/product"}],"about":[{"href":"https:\/\/prilux.es\/pt-pt\/wp-json\/wp\/v2\/types\/product"}],"version-history":[{"count":0,"href":"https:\/\/prilux.es\/pt-pt\/wp-json\/wp\/v2\/product\/1223733\/revisions"}],"wp:featuredmedia":[{"embeddable":true,"href":"https:\/\/prilux.es\/pt-pt\/wp-json\/wp\/v2\/media\/50176"}],"wp:attachment":[{"href":"https:\/\/prilux.es\/pt-pt\/wp-json\/wp\/v2\/media?parent=1223733"}],"wp:term":[{"taxonomy":"product_cat","embeddable":true,"href":"https:\/\/prilux.es\/pt-pt\/wp-json\/wp\/v2\/product_cat?post=1223733"},{"taxonomy":"product_tag","embeddable":true,"href":"https:\/\/prilux.es\/pt-pt\/wp-json\/wp\/v2\/product_tag?post=1223733"},{"taxonomy":"familia","embeddable":true,"href":"https:\/\/prilux.es\/pt-pt\/wp-json\/wp\/v2\/familia?post=1223733"}],"curies":[{"name":"wp","href":"https:\/\/api.w.org\/{rel}","templated":true}]}}