{"id":133820,"date":"2021-10-25T14:06:57","date_gmt":"2021-10-25T13:06:57","guid":{"rendered":"https:\/\/www.web.prilux.cloud\/product\/hitaka-30w-850-gris-7010-ip65-2\/"},"modified":"2022-06-30T20:22:09","modified_gmt":"2022-06-30T19:22:09","slug":"hitaka-30w-850-gris-7010-ip65","status":"publish","type":"product","link":"https:\/\/prilux.es\/pt-pt\/produto\/hitaka-30w-850-gris-7010-ip65\/","title":{"rendered":"HITAKA 30W 850 GRIS 7010 IP65"},"content":{"rendered":"<p>O projetor LED para exterior HITAKA 30W, \u00e9 um projetor da fam\u00edlia PRILUX GREEN LED. HITAKA LED \u00e9 um projetor de exterior resistente com design fino, adequado para iluminar espa\u00e7os como terra\u00e7os ou jardins. A sua instala\u00e7\u00e3o \u00e9 feita \u00e0 superf\u00edcie e, gra\u00e7as ao seu \u00edndice de protec\u00e7\u00e3o IP65, pode ser instalada no exterior. Al\u00e9m disso, o projetor inclui um filtro de linha de 2Kv. Ele tamb\u00e9m tem uma longa vida \u00fatil, L70&gt; 25.000h. HITAKA LED, cinza claro RAL 7010, tem forma retangular e possui corpo em alum\u00ednio e difusor prism\u00e1tico em policarbonato. De baixo consumo, possui pot\u00eancia de 30W em tens\u00e3o de 230V AC, com fluxo luminoso de 2.324 lumens. Sua fonte de luz LED est\u00e1 equipada com 5.000 K LEDs com temperatura de cor e tom de luz ligeiramente frio. Com boas qualidades de ilumina\u00e7\u00e3o, possui um \u00edndice de reprodu\u00e7\u00e3o de cores Ra&gt; 80, o que garante uma reprodu\u00e7\u00e3o fiel das cores dos objetos iluminados. O projetor HITAKA mede 228 x 164 x 36 mm.<\/p>\n","protected":false},"excerpt":{"rendered":"<p>O projetor LED para exterior HITAKA 30W, \u00e9 um projetor da fam\u00edlia PRILUX GREEN LED. HITAKA LED \u00e9 um projetor de exterior resistente com design fino, adequado para iluminar espa\u00e7os como terra\u00e7os ou jardins. A sua instala\u00e7\u00e3o \u00e9 feita \u00e0 superf\u00edcie e, gra\u00e7as ao seu \u00edndice de protec\u00e7\u00e3o IP65, pode ser instalada no exterior. Al\u00e9m disso, o projetor inclui um filtro de linha de 2Kv. Ele tamb\u00e9m tem uma longa vida \u00fatil, L70&gt; 25.000h. HITAKA LED, cinza claro RAL 7010, tem forma retangular e possui corpo em alum\u00ednio e difusor prism\u00e1tico em policarbonato. De baixo consumo, possui pot\u00eancia de 30W em tens\u00e3o de 230V AC, com fluxo luminoso de 2.324 lumens. Sua fonte de luz LED est\u00e1 equipada com 5.000 K LEDs com temperatura de cor e tom de luz ligeiramente frio. Com boas qualidades de ilumina\u00e7\u00e3o, possui um \u00edndice de reprodu\u00e7\u00e3o de cores Ra&gt; 80, o que garante uma reprodu\u00e7\u00e3o fiel das cores dos objetos iluminados. O projetor HITAKA mede 228 x 164 x 36 mm.<\/p>\n","protected":false},"featured_media":0,"template":"","meta":[],"product_cat":[15],"product_tag":[],"familia":[],"acf":[],"_links":{"self":[{"href":"https:\/\/prilux.es\/pt-pt\/wp-json\/wp\/v2\/product\/133820"}],"collection":[{"href":"https:\/\/prilux.es\/pt-pt\/wp-json\/wp\/v2\/product"}],"about":[{"href":"https:\/\/prilux.es\/pt-pt\/wp-json\/wp\/v2\/types\/product"}],"version-history":[{"count":0,"href":"https:\/\/prilux.es\/pt-pt\/wp-json\/wp\/v2\/product\/133820\/revisions"}],"wp:attachment":[{"href":"https:\/\/prilux.es\/pt-pt\/wp-json\/wp\/v2\/media?parent=133820"}],"wp:term":[{"taxonomy":"product_cat","embeddable":true,"href":"https:\/\/prilux.es\/pt-pt\/wp-json\/wp\/v2\/product_cat?post=133820"},{"taxonomy":"product_tag","embeddable":true,"href":"https:\/\/prilux.es\/pt-pt\/wp-json\/wp\/v2\/product_tag?post=133820"},{"taxonomy":"familia","embeddable":true,"href":"https:\/\/prilux.es\/pt-pt\/wp-json\/wp\/v2\/familia?post=133820"}],"curies":[{"name":"wp","href":"https:\/\/api.w.org\/{rel}","templated":true}]}}