{"id":134386,"date":"2021-10-25T14:12:35","date_gmt":"2021-10-25T13:12:35","guid":{"rendered":"https:\/\/www.web.prilux.cloud\/product\/icon-qr111-basic-12w-840-g53-12v-30o-2\/"},"modified":"2022-06-30T20:56:22","modified_gmt":"2022-06-30T19:56:22","slug":"icon-qr111-basic-12w-840-g53-12v-30o","status":"publish","type":"product","link":"https:\/\/prilux.es\/pt-pt\/produto\/icon-qr111-basic-12w-840-g53-12v-30o\/","title":{"rendered":"ICON QR111 BASIC 12W 840 G53 12V 30\u00ba"},"content":{"rendered":"<p>L\u00e2mpada LED b\u00e1sica Icon QR 111, da fam\u00edlia Prilux LED BASIC. Com uma pot\u00eancia de 12W, com uma tens\u00e3o de 12V AC. A l\u00e2mpada economizadora oferece um fluxo luminoso de 915 lumens e est\u00e1 equipada com 4.000K l\u00e2mpadas LED com temperatura de cor e tom de luz neutro. Essa l\u00e2mpada, que tem um corpo branco, tem um soquete G53 e o \u00e2ngulo de feixe \u00e9 de 30 \u00b0. As poupan\u00e7as de consumo excelentes oferecidas por esta l\u00e2mpada \u00e9 demonstrada pela sua classe de efici\u00eancia de energia, o que corresponde \u00e0 classe A. Esta economia, em conjunto com a sua vida \u00fatil longa que excede 30.000 horas de utiliza\u00e7\u00e3o, faz\u00ea-la uma l\u00e2mpada com um m\u00ednimo de custo de manuten\u00e7\u00e3o e que representa uma economia de consumo de 84% em compara\u00e7\u00e3o com uma l\u00e2mpada hal\u00f3gena de 75W. Al\u00e9m disso, gra\u00e7as ao seu \u00edndice de reprodu\u00e7\u00e3o de cores de Ra&gt; 80, esta l\u00e2mpada ilumina fielmente as cores dos objetos iluminados. \u00c9 capaz de trabalhar em temperaturas que variam de -10 \u00b0 C a 45 \u00b0 C. As dimens\u00f5es desta l\u00e2mpada b\u00e1sica \u00edcone QR 111 s\u00e3o \u00f8111 x 62 mm.<\/p>\n","protected":false},"excerpt":{"rendered":"<p>L\u00e2mpada LED b\u00e1sica Icon QR 111, da fam\u00edlia Prilux LED BASIC. Com uma pot\u00eancia de 12W, com uma tens\u00e3o de 12V AC. A l\u00e2mpada economizadora oferece um fluxo luminoso de 915 lumens e est\u00e1 equipada com 4.000K l\u00e2mpadas LED com temperatura de cor e tom de luz neutro. Essa l\u00e2mpada, que tem um corpo branco, tem um soquete G53 e o \u00e2ngulo de feixe \u00e9 de 30 \u00b0. As poupan\u00e7as de consumo excelentes oferecidas por esta l\u00e2mpada \u00e9 demonstrada pela sua classe de efici\u00eancia de energia, o que corresponde \u00e0 classe A. Esta economia, em conjunto com a sua vida \u00fatil longa que excede 30.000 horas de utiliza\u00e7\u00e3o, faz\u00ea-la uma l\u00e2mpada com um m\u00ednimo de custo de manuten\u00e7\u00e3o e que representa uma economia de consumo de 84% em compara\u00e7\u00e3o com uma l\u00e2mpada hal\u00f3gena de 75W. Al\u00e9m disso, gra\u00e7as ao seu \u00edndice de reprodu\u00e7\u00e3o de cores de Ra&gt; 80, esta l\u00e2mpada ilumina fielmente as cores dos objetos iluminados. \u00c9 capaz de trabalhar em temperaturas que variam de -10 \u00b0 C a 45 \u00b0 C. As dimens\u00f5es desta l\u00e2mpada b\u00e1sica \u00edcone QR 111 s\u00e3o \u00f8111 x 62 mm.<\/p>\n","protected":false},"featured_media":0,"template":"","meta":[],"product_cat":[15],"product_tag":[],"familia":[],"acf":[],"_links":{"self":[{"href":"https:\/\/prilux.es\/pt-pt\/wp-json\/wp\/v2\/product\/134386"}],"collection":[{"href":"https:\/\/prilux.es\/pt-pt\/wp-json\/wp\/v2\/product"}],"about":[{"href":"https:\/\/prilux.es\/pt-pt\/wp-json\/wp\/v2\/types\/product"}],"version-history":[{"count":0,"href":"https:\/\/prilux.es\/pt-pt\/wp-json\/wp\/v2\/product\/134386\/revisions"}],"wp:attachment":[{"href":"https:\/\/prilux.es\/pt-pt\/wp-json\/wp\/v2\/media?parent=134386"}],"wp:term":[{"taxonomy":"product_cat","embeddable":true,"href":"https:\/\/prilux.es\/pt-pt\/wp-json\/wp\/v2\/product_cat?post=134386"},{"taxonomy":"product_tag","embeddable":true,"href":"https:\/\/prilux.es\/pt-pt\/wp-json\/wp\/v2\/product_tag?post=134386"},{"taxonomy":"familia","embeddable":true,"href":"https:\/\/prilux.es\/pt-pt\/wp-json\/wp\/v2\/familia?post=134386"}],"curies":[{"name":"wp","href":"https:\/\/api.w.org\/{rel}","templated":true}]}}