{"id":137233,"date":"2021-10-25T13:52:06","date_gmt":"2021-10-25T12:52:06","guid":{"rendered":"https:\/\/www.web.prilux.cloud\/product\/hexagon-play-1x120led-140w-150wt-840-55o-dali-2\/"},"modified":"2022-06-30T23:46:39","modified_gmt":"2022-06-30T22:46:39","slug":"hexagon-play-1x120led-140w-150wt-840-55o-dali","status":"publish","type":"product","link":"https:\/\/prilux.es\/pt-pt\/produto\/hexagon-play-1x120led-140w-150wt-840-55o-dali\/","title":{"rendered":"HEXAGON PLAY 1X120LED 140W \/ 150WT 840 55\u00ba DALI"},"content":{"rendered":"<p>O projetor industrial para exterior HEXAGON PLAY 150W LED, da linha Industrial LED Exterior da Prilux, \u00e9 a solu\u00e7\u00e3o perfeita para iluminar todos os tipos de instala\u00e7\u00f5es industriais externas. Eficaz, eficiente, com grande luminosidade e resist\u00eancia, HEXAGON PLAY \u00e9 uma lumin\u00e1ria desenhada pela Prilux e Made in Spain, ideal para espa\u00e7os desportivos e culturais, edif\u00edcios industriais e t\u00faneis. Com os excelentes \u00edndices de prote\u00e7\u00e3o IP66 e IK10. HEXAGON PLAY \u00e9 um projetor modular de LED de \u00faltima gera\u00e7\u00e3o, composto por corpo de alum\u00ednio injetado de alta press\u00e3o na cor cinza RAL 9007 e difusor em policarbonato com tratamento UV. O projetor inclui uma mangueira de 5 p\u00f3los de 1,5 m de comprimento. A \u00f3ptica do projetor consiste em lentes secund\u00e1rias distribu\u00eddas simetricamente. Equipada com 120 l\u00e2mpadas LED, a lumin\u00e1ria possui 150W de pot\u00eancia, a 1.000mA, e um alto fluxo luminoso LED de 19.655 lumens. Tem uma longa vida \u00fatil de L70 B10&gt; 100.000 he um \u00edndice de reprodu\u00e7\u00e3o de cor de Ra&gt; 80. A efic\u00e1cia do HEXAGON PLAY \u00e9 suportada pelas tecnologias Overstorm e Systemshield, ambas desenvolvidas pela Prilux: Overstorm protege a lumin\u00e1ria de sobretens\u00f5es, sendo capaz de suportar picos de tens\u00e3o de at\u00e9 10kV. O Systemshield permite um funcionamento ideal mesmo em temperaturas extremas, atrav\u00e9s de um sistema de sondas t\u00e9rmicas que conhecem a temperatura da lumin\u00e1ria e auto-regulam a sua pot\u00eancia para se manter sempre seguro. A lumin\u00e1ria pode ser regulada com o sistema DALI. Equipado com l\u00e2mpadas LED de 4.000K e tom de luz neutro, tamb\u00e9m est\u00e1 dispon\u00edvel a pedido em 3.000K, 5.000K e 5.700K CCT. Com um \u00e2ngulo de abertura de 55 \u00b0, embora tamb\u00e9m estejam dispon\u00edveis 25 \u00b0 e 90 \u00b0. O holofote LED pode ser instalado em duas posi\u00e7\u00f5es: horizontalmente ou com montagem em cruzeta vertical. Tem dimens\u00f5es de 456 x 174 x 321 mm.<\/p>\n","protected":false},"excerpt":{"rendered":"<p>O projetor industrial para exterior HEXAGON PLAY 150W LED, da linha Industrial LED Exterior da Prilux, \u00e9 a solu\u00e7\u00e3o perfeita para iluminar todos os tipos de instala\u00e7\u00f5es industriais externas. Eficaz, eficiente, com grande luminosidade e resist\u00eancia, HEXAGON PLAY \u00e9 uma lumin\u00e1ria desenhada pela Prilux e Made in Spain, ideal para espa\u00e7os desportivos e culturais, edif\u00edcios industriais e t\u00faneis. Com os excelentes \u00edndices de prote\u00e7\u00e3o IP66 e IK10. HEXAGON PLAY \u00e9 um projetor modular de LED de \u00faltima gera\u00e7\u00e3o, composto por corpo de alum\u00ednio injetado de alta press\u00e3o na cor cinza RAL 9007 e difusor em policarbonato com tratamento UV. O projetor inclui uma mangueira de 5 p\u00f3los de 1,5 m de comprimento. A \u00f3ptica do projetor consiste em lentes secund\u00e1rias distribu\u00eddas simetricamente. Equipada com 120 l\u00e2mpadas LED, a lumin\u00e1ria possui 150W de pot\u00eancia, a 1.000mA, e um alto fluxo luminoso LED de 19.655 lumens. Tem uma longa vida \u00fatil de L70 B10&gt; 100.000 he um \u00edndice de reprodu\u00e7\u00e3o de cor de Ra&gt; 80. A efic\u00e1cia do HEXAGON PLAY \u00e9 suportada pelas tecnologias Overstorm e Systemshield, ambas desenvolvidas pela Prilux: Overstorm protege a lumin\u00e1ria de sobretens\u00f5es, sendo capaz de suportar picos de tens\u00e3o de at\u00e9 10kV. O Systemshield permite um funcionamento ideal mesmo em temperaturas extremas, atrav\u00e9s de um sistema de sondas t\u00e9rmicas que conhecem a temperatura da lumin\u00e1ria e auto-regulam a sua pot\u00eancia para se manter sempre seguro. A lumin\u00e1ria pode ser regulada com o sistema DALI. Equipado com l\u00e2mpadas LED de 4.000K e tom de luz neutro, tamb\u00e9m est\u00e1 dispon\u00edvel a pedido em 3.000K, 5.000K e 5.700K CCT. Com um \u00e2ngulo de abertura de 55 \u00b0, embora tamb\u00e9m estejam dispon\u00edveis 25 \u00b0 e 90 \u00b0. O holofote LED pode ser instalado em duas posi\u00e7\u00f5es: horizontalmente ou com montagem em cruzeta vertical. Tem dimens\u00f5es de 456 x 174 x 321 mm.<\/p>\n","protected":false},"featured_media":0,"template":"","meta":[],"product_cat":[15],"product_tag":[],"familia":[],"acf":[],"_links":{"self":[{"href":"https:\/\/prilux.es\/pt-pt\/wp-json\/wp\/v2\/product\/137233"}],"collection":[{"href":"https:\/\/prilux.es\/pt-pt\/wp-json\/wp\/v2\/product"}],"about":[{"href":"https:\/\/prilux.es\/pt-pt\/wp-json\/wp\/v2\/types\/product"}],"version-history":[{"count":0,"href":"https:\/\/prilux.es\/pt-pt\/wp-json\/wp\/v2\/product\/137233\/revisions"}],"wp:attachment":[{"href":"https:\/\/prilux.es\/pt-pt\/wp-json\/wp\/v2\/media?parent=137233"}],"wp:term":[{"taxonomy":"product_cat","embeddable":true,"href":"https:\/\/prilux.es\/pt-pt\/wp-json\/wp\/v2\/product_cat?post=137233"},{"taxonomy":"product_tag","embeddable":true,"href":"https:\/\/prilux.es\/pt-pt\/wp-json\/wp\/v2\/product_tag?post=137233"},{"taxonomy":"familia","embeddable":true,"href":"https:\/\/prilux.es\/pt-pt\/wp-json\/wp\/v2\/familia?post=137233"}],"curies":[{"name":"wp","href":"https:\/\/api.w.org\/{rel}","templated":true}]}}