{"id":149751,"date":"2021-10-25T13:49:37","date_gmt":"2021-10-25T12:49:37","guid":{"rendered":"https:\/\/www.web.prilux.cloud\/product\/essense-ball-nova-5w-830-e27-230v-2\/"},"modified":"2022-07-01T03:35:04","modified_gmt":"2022-07-01T02:35:04","slug":"essense-ball-nova-5w-830-e27-230v-2","status":"publish","type":"product","link":"https:\/\/prilux.es\/pt-pt\/produto\/essense-ball-nova-5w-830-e27-230v-2\/","title":{"rendered":"ESSENSE BALL NOVA 5W 830 E27 230V"},"content":{"rendered":"<p>EsSENSE BALL l\u00e2mpada nova de 5W de pot\u00eancia, com tens\u00e3o de 230V AC, da fam\u00edlia PRILUX LED NOVA. \u00c9 uma l\u00e2mpada esf\u00e9rica com tecnologia LED que proporciona consider\u00e1veis poupan\u00e7as de consumo, e possui o not\u00e1vel certificado de efici\u00eancia classe A +, que assim a certifica. Isso se traduz em uma economia de consumo de 86% em rela\u00e7\u00e3o ao uso das tradicionais l\u00e2mpadas incandescentes. EsSENSE BALL nova est\u00e1 equipado com 3.000K LEDs com temperatura de cor e tom de luz quente e oferece um fluxo luminoso de 393 lumens. Al\u00e9m de economizar no consumo, essa l\u00e2mpada tem longa vida \u00fatil de 40.000 horas, reduzindo ao m\u00ednimo seu custo de manuten\u00e7\u00e3o. O \u00e2ngulo do feixe \u00e9 de 170 \u00b0: Esta l\u00e2mpada oferece uma distribui\u00e7\u00e3o extraordin\u00e1ria e sua ilumina\u00e7\u00e3o do espa\u00e7o \u00e9 da mais alta qualidade gra\u00e7as ao \u00edndice de reprodu\u00e7\u00e3o de cor Ra&gt; 80, o que garante uma reprodu\u00e7\u00e3o fiel das cores dos objetos iluminados. A l\u00e2mpada esSENSE BALL nova tem uma tomada E27, um difusor opala e \u00e9 branca. Tem uma forma esf\u00e9rica de bola e as suas dimens\u00f5es s\u00e3o \u00f845 x 74 mm.<\/p>\n","protected":false},"excerpt":{"rendered":"<p>EsSENSE BALL l\u00e2mpada nova de 5W de pot\u00eancia, com tens\u00e3o de 230V AC, da fam\u00edlia PRILUX LED NOVA. \u00c9 uma l\u00e2mpada esf\u00e9rica com tecnologia LED que proporciona consider\u00e1veis poupan\u00e7as de consumo, e possui o not\u00e1vel certificado de efici\u00eancia classe A +, que assim a certifica. Isso se traduz em uma economia de consumo de 86% em rela\u00e7\u00e3o ao uso das tradicionais l\u00e2mpadas incandescentes. EsSENSE BALL nova est\u00e1 equipado com 3.000K LEDs com temperatura de cor e tom de luz quente e oferece um fluxo luminoso de 393 lumens. Al\u00e9m de economizar no consumo, essa l\u00e2mpada tem longa vida \u00fatil de 40.000 horas, reduzindo ao m\u00ednimo seu custo de manuten\u00e7\u00e3o. O \u00e2ngulo do feixe \u00e9 de 170 \u00b0: Esta l\u00e2mpada oferece uma distribui\u00e7\u00e3o extraordin\u00e1ria e sua ilumina\u00e7\u00e3o do espa\u00e7o \u00e9 da mais alta qualidade gra\u00e7as ao \u00edndice de reprodu\u00e7\u00e3o de cor Ra&gt; 80, o que garante uma reprodu\u00e7\u00e3o fiel das cores dos objetos iluminados. A l\u00e2mpada esSENSE BALL nova tem uma tomada E27, um difusor opala e \u00e9 branca. Tem uma forma esf\u00e9rica de bola e as suas dimens\u00f5es s\u00e3o \u00f845 x 74 mm.<\/p>\n","protected":false},"featured_media":0,"template":"","meta":[],"product_cat":[15],"product_tag":[],"familia":[],"acf":[],"_links":{"self":[{"href":"https:\/\/prilux.es\/pt-pt\/wp-json\/wp\/v2\/product\/149751"}],"collection":[{"href":"https:\/\/prilux.es\/pt-pt\/wp-json\/wp\/v2\/product"}],"about":[{"href":"https:\/\/prilux.es\/pt-pt\/wp-json\/wp\/v2\/types\/product"}],"version-history":[{"count":0,"href":"https:\/\/prilux.es\/pt-pt\/wp-json\/wp\/v2\/product\/149751\/revisions"}],"wp:attachment":[{"href":"https:\/\/prilux.es\/pt-pt\/wp-json\/wp\/v2\/media?parent=149751"}],"wp:term":[{"taxonomy":"product_cat","embeddable":true,"href":"https:\/\/prilux.es\/pt-pt\/wp-json\/wp\/v2\/product_cat?post=149751"},{"taxonomy":"product_tag","embeddable":true,"href":"https:\/\/prilux.es\/pt-pt\/wp-json\/wp\/v2\/product_tag?post=149751"},{"taxonomy":"familia","embeddable":true,"href":"https:\/\/prilux.es\/pt-pt\/wp-json\/wp\/v2\/familia?post=149751"}],"curies":[{"name":"wp","href":"https:\/\/api.w.org\/{rel}","templated":true}]}}