{"id":1681869,"date":"2025-05-27T09:32:56","date_gmt":"2025-05-27T08:32:56","guid":{"rendered":"https:\/\/prilux.es\/product\/essense-flame-smart-led-5w-830-e14-2\/"},"modified":"2025-05-27T10:02:36","modified_gmt":"2025-05-27T09:02:36","slug":"essense-flame-smart-led-5w-830-e14-2","status":"publish","type":"product","link":"https:\/\/prilux.es\/pt-pt\/produto\/essense-flame-smart-led-5w-830-e14-2\/","title":{"rendered":"ESSENSE FLAME SMART LED 5W 830 E14"},"content":{"rendered":"<p>L\u00e2mpada inteligente EsSENSE FLAME com 5W de pot\u00eancia, 230V AC, da fam\u00edlia PRILUX LED SMART. \u00c9 uma l\u00e2mpada com tecnologia LED que proporciona consider\u00e1veis poupan\u00e7as de consumo, e possui o excelente certificado de efici\u00eancia classe A ++ que a atesta. Isso se traduz em uma grande economia de consumo de 87% em rela\u00e7\u00e3o ao uso das tradicionais l\u00e2mpadas incandescentes. EsSENSE FLAME smart est\u00e1 equipado com 3.000K LEDs com temperatura de cor e tom de luz quente, e oferece um fluxo luminoso de 524 lumens. Al\u00e9m de economizar no consumo, essa l\u00e2mpada possui longa vida \u00fatil de 25.000 horas, reduzindo ao m\u00ednimo seu custo de manuten\u00e7\u00e3o. O \u00e2ngulo de abertura do feixe de luz \u00e9 de 180 \u00b0 e a ilumina\u00e7\u00e3o do espa\u00e7o \u00e9 da mais alta qualidade gra\u00e7as ao seu \u00edndice de restitui\u00e7\u00e3o de cores Ra&gt; 80, que garante uma reprodu\u00e7\u00e3o fiel das cores dos objetos iluminados. A l\u00e2mpada inteligente esSENSE FLAME tem uma tomada E14, um difusor opalino e \u00e9 branca. Tem o formato de uma vela e dimens\u00f5es de \u00f837 x 107 mm.<\/p>\n","protected":false},"excerpt":{"rendered":"<p>L\u00e2mpada inteligente EsSENSE FLAME com 5W de pot\u00eancia, 230V AC, da fam\u00edlia PRILUX LED SMART. \u00c9 uma l\u00e2mpada com tecnologia LED que proporciona consider\u00e1veis poupan\u00e7as de consumo, e possui o excelente certificado de efici\u00eancia classe A ++ que a atesta. Isso se traduz em uma grande economia de consumo de 87% em rela\u00e7\u00e3o ao uso das tradicionais l\u00e2mpadas incandescentes. EsSENSE FLAME smart est\u00e1 equipado com 3.000K LEDs com temperatura de cor e tom de luz quente, e oferece um fluxo luminoso de 524 lumens. Al\u00e9m de economizar no consumo, essa l\u00e2mpada possui longa vida \u00fatil de 25.000 horas, reduzindo ao m\u00ednimo seu custo de manuten\u00e7\u00e3o. O \u00e2ngulo de abertura do feixe de luz \u00e9 de 180 \u00b0 e a ilumina\u00e7\u00e3o do espa\u00e7o \u00e9 da mais alta qualidade gra\u00e7as ao seu \u00edndice de restitui\u00e7\u00e3o de cores Ra&gt; 80, que garante uma reprodu\u00e7\u00e3o fiel das cores dos objetos iluminados. A l\u00e2mpada inteligente esSENSE FLAME tem uma tomada E14, um difusor opalino e \u00e9 branca. Tem o formato de uma vela e dimens\u00f5es de \u00f837 x 107 mm.<\/p>\n","protected":false},"featured_media":1681460,"template":"","meta":[],"product_cat":[6124],"product_tag":[],"familia":[{"id":25238,"name":"ESSENSE FLAME","slug":"essense-flame-pt"}],"acf":[],"_links":{"self":[{"href":"https:\/\/prilux.es\/pt-pt\/wp-json\/wp\/v2\/product\/1681869"}],"collection":[{"href":"https:\/\/prilux.es\/pt-pt\/wp-json\/wp\/v2\/product"}],"about":[{"href":"https:\/\/prilux.es\/pt-pt\/wp-json\/wp\/v2\/types\/product"}],"version-history":[{"count":0,"href":"https:\/\/prilux.es\/pt-pt\/wp-json\/wp\/v2\/product\/1681869\/revisions"}],"wp:featuredmedia":[{"embeddable":true,"href":"https:\/\/prilux.es\/pt-pt\/wp-json\/wp\/v2\/media\/1681460"}],"wp:attachment":[{"href":"https:\/\/prilux.es\/pt-pt\/wp-json\/wp\/v2\/media?parent=1681869"}],"wp:term":[{"taxonomy":"product_cat","embeddable":true,"href":"https:\/\/prilux.es\/pt-pt\/wp-json\/wp\/v2\/product_cat?post=1681869"},{"taxonomy":"product_tag","embeddable":true,"href":"https:\/\/prilux.es\/pt-pt\/wp-json\/wp\/v2\/product_tag?post=1681869"},{"taxonomy":"familia","embeddable":true,"href":"https:\/\/prilux.es\/pt-pt\/wp-json\/wp\/v2\/familia?post=1681869"}],"curies":[{"name":"wp","href":"https:\/\/api.w.org\/{rel}","templated":true}]}}