{"id":1699500,"date":"2025-05-28T16:26:42","date_gmt":"2025-05-28T15:26:42","guid":{"rendered":"https:\/\/prilux.es\/product\/spotline-led-smart-6w-840-r7s-78mm-230v\/"},"modified":"2025-05-28T16:32:32","modified_gmt":"2025-05-28T15:32:32","slug":"spotline-led-smart-6w-840-r7s-78mm-230v-2","status":"publish","type":"product","link":"https:\/\/prilux.es\/pt-pt\/produto\/spotline-led-smart-6w-840-r7s-78mm-230v-2\/","title":{"rendered":"SPOTLINE LED SMART 6W 840 R7S 78MM 230V"},"content":{"rendered":"<p>L\u00e2mpada LED inteligente 6W power spotLINE, voltagem 230V AC, da fam\u00edlia PRILUX LED SMART. \u00c9 uma l\u00e2mpada LED tubular de elevada efici\u00eancia, que proporciona consider\u00e1veis poupan\u00e7as de consumo gra\u00e7as \u00e0 sua tecnologia LED, e possui o not\u00e1vel certificado de efici\u00eancia classe A +, que assim a certifica. Isso se traduz em uma economia de consumo de 88% em rela\u00e7\u00e3o ao uso das tradicionais l\u00e2mpadas incandescentes. O SpotLINE smart est\u00e1 equipado com 4.000K LEDs com temperatura de cor e tom de luz neutro e oferece um fluxo luminoso de 597 l\u00famens. Al\u00e9m de economizar no consumo, essa l\u00e2mpada tem vida \u00fatil estendida para 30.000 horas, reduzindo ao m\u00ednimo seu custo de manuten\u00e7\u00e3o. A ilumina\u00e7\u00e3o do espa\u00e7o \u00e9 da mais alta qualidade gra\u00e7as ao \u00edndice de restitui\u00e7\u00e3o de cores Ra&gt; 80, que garante uma reprodu\u00e7\u00e3o fiel das cores dos objetos iluminados. Com um \u00e2ngulo de feixe de 120 \u00b0. A l\u00e2mpada spotLINE smart tem uma base R7S, um difusor transparente e \u00e9 de cor cinza claro. Em forma de l\u00e2mpada retangular, suas dimens\u00f5es s\u00e3o 78 x 37 x 26 mm.<\/p>\n","protected":false},"excerpt":{"rendered":"<p>L\u00e2mpada LED inteligente 6W power spotLINE, voltagem 230V AC, da fam\u00edlia PRILUX LED SMART. \u00c9 uma l\u00e2mpada LED tubular de elevada efici\u00eancia, que proporciona consider\u00e1veis poupan\u00e7as de consumo gra\u00e7as \u00e0 sua tecnologia LED, e possui o not\u00e1vel certificado de efici\u00eancia classe A +, que assim a certifica. Isso se traduz em uma economia de consumo de 88% em rela\u00e7\u00e3o ao uso das tradicionais l\u00e2mpadas incandescentes. O SpotLINE smart est\u00e1 equipado com 4.000K LEDs com temperatura de cor e tom de luz neutro e oferece um fluxo luminoso de 597 l\u00famens. Al\u00e9m de economizar no consumo, essa l\u00e2mpada tem vida \u00fatil estendida para 30.000 horas, reduzindo ao m\u00ednimo seu custo de manuten\u00e7\u00e3o. A ilumina\u00e7\u00e3o do espa\u00e7o \u00e9 da mais alta qualidade gra\u00e7as ao \u00edndice de restitui\u00e7\u00e3o de cores Ra&gt; 80, que garante uma reprodu\u00e7\u00e3o fiel das cores dos objetos iluminados. Com um \u00e2ngulo de feixe de 120 \u00b0. A l\u00e2mpada spotLINE smart tem uma base R7S, um difusor transparente e \u00e9 de cor cinza claro. Em forma de l\u00e2mpada retangular, suas dimens\u00f5es s\u00e3o 78 x 37 x 26 mm.<\/p>\n","protected":false},"featured_media":1698797,"template":"","meta":[],"product_cat":[6124],"product_tag":[],"familia":[],"acf":[],"_links":{"self":[{"href":"https:\/\/prilux.es\/pt-pt\/wp-json\/wp\/v2\/product\/1699500"}],"collection":[{"href":"https:\/\/prilux.es\/pt-pt\/wp-json\/wp\/v2\/product"}],"about":[{"href":"https:\/\/prilux.es\/pt-pt\/wp-json\/wp\/v2\/types\/product"}],"version-history":[{"count":0,"href":"https:\/\/prilux.es\/pt-pt\/wp-json\/wp\/v2\/product\/1699500\/revisions"}],"wp:featuredmedia":[{"embeddable":true,"href":"https:\/\/prilux.es\/pt-pt\/wp-json\/wp\/v2\/media\/1698797"}],"wp:attachment":[{"href":"https:\/\/prilux.es\/pt-pt\/wp-json\/wp\/v2\/media?parent=1699500"}],"wp:term":[{"taxonomy":"product_cat","embeddable":true,"href":"https:\/\/prilux.es\/pt-pt\/wp-json\/wp\/v2\/product_cat?post=1699500"},{"taxonomy":"product_tag","embeddable":true,"href":"https:\/\/prilux.es\/pt-pt\/wp-json\/wp\/v2\/product_tag?post=1699500"},{"taxonomy":"familia","embeddable":true,"href":"https:\/\/prilux.es\/pt-pt\/wp-json\/wp\/v2\/familia?post=1699500"}],"curies":[{"name":"wp","href":"https:\/\/api.w.org\/{rel}","templated":true}]}}