{"id":1702196,"date":"2025-05-29T08:53:10","date_gmt":"2025-05-29T07:53:10","guid":{"rendered":"https:\/\/prilux.es\/product\/essense-sofito-smart-led-9w-840-s19-230v-erp-2\/"},"modified":"2025-05-29T09:11:06","modified_gmt":"2025-05-29T08:11:06","slug":"essense-sofito-smart-led-9w-840-s19-230v-erp-2","status":"publish","type":"product","link":"https:\/\/prilux.es\/pt-pt\/produto\/essense-sofito-smart-led-9w-840-s19-230v-erp-2\/","title":{"rendered":"ESSENSE SOFITO SMART LED 9W 840 S19 230V ERP"},"content":{"rendered":"<p>EcSAVER SOFITO LED tubo inteligente LED com 9 W de pot\u00eancia, 230 V CA, da fam\u00edlia PRILUX LED NOVA. \u00c9 um tubo LED que proporciona consider\u00e1vel economia de consumo, pois possui excelente certificado de efici\u00eancia classe A +. Isso se traduz em grande economia de consumo e despesa em compara\u00e7\u00e3o com o uso de l\u00e2mpadas fluorescentes tradicionais. Al\u00e9m de economizar no consumo, que \u00e9 40% menor que uma l\u00e2mpada incandescente, esse tubo de LED tem longa vida \u00fatil de 25.000 horas, reduzindo ao m\u00ednimo seu custo de manuten\u00e7\u00e3o. O tubo LED ecSAVER SOFITO est\u00e1 equipado com 4.000K l\u00e2mpadas LED de temperatura de cor e tom de luz neutro, e oferece um fluxo luminoso de 857 lumens. O \u00e2ngulo do feixe \u00e9 de 200 \u00b0 e a ilumina\u00e7\u00e3o do espa\u00e7o \u00e9 da mais alta qualidade gra\u00e7as ao seu \u00edndice de restitui\u00e7\u00e3o de cores Ra&gt; 80, que garante uma reprodu\u00e7\u00e3o fiel das cores dos objetos iluminados. O tubo LED ecSAVER LINESTRA nova possui uma tomada S19, um difusor opalino e \u00e9 branco. Tem dimens\u00f5es de \u00f838 x 315 mm.<\/p>\n","protected":false},"excerpt":{"rendered":"<p>EcSAVER SOFITO LED tubo inteligente LED com 9 W de pot\u00eancia, 230 V CA, da fam\u00edlia PRILUX LED NOVA. \u00c9 um tubo LED que proporciona consider\u00e1vel economia de consumo, pois possui excelente certificado de efici\u00eancia classe A +. Isso se traduz em grande economia de consumo e despesa em compara\u00e7\u00e3o com o uso de l\u00e2mpadas fluorescentes tradicionais. Al\u00e9m de economizar no consumo, que \u00e9 40% menor que uma l\u00e2mpada incandescente, esse tubo de LED tem longa vida \u00fatil de 25.000 horas, reduzindo ao m\u00ednimo seu custo de manuten\u00e7\u00e3o. O tubo LED ecSAVER SOFITO est\u00e1 equipado com 4.000K l\u00e2mpadas LED de temperatura de cor e tom de luz neutro, e oferece um fluxo luminoso de 857 lumens. O \u00e2ngulo do feixe \u00e9 de 200 \u00b0 e a ilumina\u00e7\u00e3o do espa\u00e7o \u00e9 da mais alta qualidade gra\u00e7as ao seu \u00edndice de restitui\u00e7\u00e3o de cores Ra&gt; 80, que garante uma reprodu\u00e7\u00e3o fiel das cores dos objetos iluminados. O tubo LED ecSAVER LINESTRA nova possui uma tomada S19, um difusor opalino e \u00e9 branco. Tem dimens\u00f5es de \u00f838 x 315 mm.<\/p>\n","protected":false},"featured_media":1701645,"template":"","meta":[],"product_cat":[6124],"product_tag":[],"familia":[{"id":25889,"name":"ESSENSE SOFITO","slug":"essense-sofito"}],"acf":[],"_links":{"self":[{"href":"https:\/\/prilux.es\/pt-pt\/wp-json\/wp\/v2\/product\/1702196"}],"collection":[{"href":"https:\/\/prilux.es\/pt-pt\/wp-json\/wp\/v2\/product"}],"about":[{"href":"https:\/\/prilux.es\/pt-pt\/wp-json\/wp\/v2\/types\/product"}],"version-history":[{"count":0,"href":"https:\/\/prilux.es\/pt-pt\/wp-json\/wp\/v2\/product\/1702196\/revisions"}],"wp:featuredmedia":[{"embeddable":true,"href":"https:\/\/prilux.es\/pt-pt\/wp-json\/wp\/v2\/media\/1701645"}],"wp:attachment":[{"href":"https:\/\/prilux.es\/pt-pt\/wp-json\/wp\/v2\/media?parent=1702196"}],"wp:term":[{"taxonomy":"product_cat","embeddable":true,"href":"https:\/\/prilux.es\/pt-pt\/wp-json\/wp\/v2\/product_cat?post=1702196"},{"taxonomy":"product_tag","embeddable":true,"href":"https:\/\/prilux.es\/pt-pt\/wp-json\/wp\/v2\/product_tag?post=1702196"},{"taxonomy":"familia","embeddable":true,"href":"https:\/\/prilux.es\/pt-pt\/wp-json\/wp\/v2\/familia?post=1702196"}],"curies":[{"name":"wp","href":"https:\/\/api.w.org\/{rel}","templated":true}]}}