{"id":1707944,"date":"2025-05-29T11:57:56","date_gmt":"2025-05-29T10:57:56","guid":{"rendered":"https:\/\/prilux.es\/product\/fisense-flame-smart-25w-827-e14-2\/"},"modified":"2025-05-29T12:04:58","modified_gmt":"2025-05-29T11:04:58","slug":"fisense-flame-smart-25w-827-e14-2","status":"publish","type":"product","link":"https:\/\/prilux.es\/pt-pt\/produto\/fisense-flame-smart-25w-827-e14-2\/","title":{"rendered":"FISENSE FLAME SMART 2,5W 827 E14"},"content":{"rendered":"<p>L\u00e2mpada LED inteligente FiSENSE FLAME com 2,5 W de pot\u00eancia, 230 V CA, da fam\u00edlia PRILUX LED SMART. \u00c9 uma l\u00e2mpada com tecnologia LED que proporciona consider\u00e1veis poupan\u00e7as de consumo, e possui o excelente certificado de efici\u00eancia classe A ++ que a atesta. Isso se traduz em uma economia de consumo de 90% em rela\u00e7\u00e3o ao uso das tradicionais l\u00e2mpadas incandescentes. Esta l\u00e2mpada em forma de vela de baix\u00edssima pot\u00eancia possui um filamento LED. Equipado com uma temperatura de cor de 2.700K e fonte de luz LED de tom de luz quente. Ele oferece um fluxo luminoso de 267 lumens. Al\u00e9m de economizar no consumo, essa l\u00e2mpada tem longa vida \u00fatil de 20.000 horas, reduzindo ao m\u00ednimo seu custo de manuten\u00e7\u00e3o. O \u00e2ngulo do feixe \u00e9 de 360 \u00b0 e a ilumina\u00e7\u00e3o do espa\u00e7o \u00e9 da mais alta qualidade gra\u00e7as ao seu \u00edndice de reprodu\u00e7\u00e3o de cores Ra&gt; 80, que garante uma reprodu\u00e7\u00e3o fiel das cores dos objetos iluminados. A l\u00e2mpada inteligente fiSENSE FLAME possui uma tomada E14 e um difusor transparente. Tem a forma de uma vela e as dimens\u00f5es de \u00f835 x 97 mm.<\/p>\n","protected":false},"excerpt":{"rendered":"<p>L\u00e2mpada LED inteligente FiSENSE FLAME com 2,5 W de pot\u00eancia, 230 V CA, da fam\u00edlia PRILUX LED SMART. \u00c9 uma l\u00e2mpada com tecnologia LED que proporciona consider\u00e1veis poupan\u00e7as de consumo, e possui o excelente certificado de efici\u00eancia classe A ++ que a atesta. Isso se traduz em uma economia de consumo de 90% em rela\u00e7\u00e3o ao uso das tradicionais l\u00e2mpadas incandescentes. Esta l\u00e2mpada em forma de vela de baix\u00edssima pot\u00eancia possui um filamento LED. Equipado com uma temperatura de cor de 2.700K e fonte de luz LED de tom de luz quente. Ele oferece um fluxo luminoso de 267 lumens. Al\u00e9m de economizar no consumo, essa l\u00e2mpada tem longa vida \u00fatil de 20.000 horas, reduzindo ao m\u00ednimo seu custo de manuten\u00e7\u00e3o. O \u00e2ngulo do feixe \u00e9 de 360 \u00b0 e a ilumina\u00e7\u00e3o do espa\u00e7o \u00e9 da mais alta qualidade gra\u00e7as ao seu \u00edndice de reprodu\u00e7\u00e3o de cores Ra&gt; 80, que garante uma reprodu\u00e7\u00e3o fiel das cores dos objetos iluminados. A l\u00e2mpada inteligente fiSENSE FLAME possui uma tomada E14 e um difusor transparente. Tem a forma de uma vela e as dimens\u00f5es de \u00f835 x 97 mm.<\/p>\n","protected":false},"featured_media":1707520,"template":"","meta":[],"product_cat":[6124],"product_tag":[],"familia":[],"acf":[],"_links":{"self":[{"href":"https:\/\/prilux.es\/pt-pt\/wp-json\/wp\/v2\/product\/1707944"}],"collection":[{"href":"https:\/\/prilux.es\/pt-pt\/wp-json\/wp\/v2\/product"}],"about":[{"href":"https:\/\/prilux.es\/pt-pt\/wp-json\/wp\/v2\/types\/product"}],"version-history":[{"count":0,"href":"https:\/\/prilux.es\/pt-pt\/wp-json\/wp\/v2\/product\/1707944\/revisions"}],"wp:featuredmedia":[{"embeddable":true,"href":"https:\/\/prilux.es\/pt-pt\/wp-json\/wp\/v2\/media\/1707520"}],"wp:attachment":[{"href":"https:\/\/prilux.es\/pt-pt\/wp-json\/wp\/v2\/media?parent=1707944"}],"wp:term":[{"taxonomy":"product_cat","embeddable":true,"href":"https:\/\/prilux.es\/pt-pt\/wp-json\/wp\/v2\/product_cat?post=1707944"},{"taxonomy":"product_tag","embeddable":true,"href":"https:\/\/prilux.es\/pt-pt\/wp-json\/wp\/v2\/product_tag?post=1707944"},{"taxonomy":"familia","embeddable":true,"href":"https:\/\/prilux.es\/pt-pt\/wp-json\/wp\/v2\/familia?post=1707944"}],"curies":[{"name":"wp","href":"https:\/\/api.w.org\/{rel}","templated":true}]}}