{"id":1710084,"date":"2025-05-29T14:00:57","date_gmt":"2025-05-29T13:00:57","guid":{"rendered":"https:\/\/prilux.es\/product\/fisense-standard-smart-7w-840-e27\/"},"modified":"2025-06-02T09:50:50","modified_gmt":"2025-06-02T08:50:50","slug":"fisense-standard-smart-7w-840-e27","status":"publish","type":"product","link":"https:\/\/prilux.es\/pt-pt\/produto\/fisense-standard-smart-7w-840-e27\/","title":{"rendered":"FISENSE STANDARD SMART 7W 840 E27"},"content":{"rendered":"<p>L\u00e2mpada LED inteligente FiSENSE STANDARD com 7 W de pot\u00eancia, 230 V CA, da fam\u00edlia PRILUX LED SMART. \u00c9 uma l\u00e2mpada com tecnologia LED que proporciona consider\u00e1veis poupan\u00e7as de consumo, e possui o excelente certificado de efici\u00eancia classe A +, que a certifica. Isso se traduz em uma economia de consumo de 88% em rela\u00e7\u00e3o ao uso das tradicionais l\u00e2mpadas incandescentes. Esta l\u00e2mpada de baix\u00edssima pot\u00eancia possui um filamento LED. Equipado com uma fonte de luz LED de 4.000K com temperatura de cor e tom de luz neutro. Ele oferece um fluxo luminoso de 841 lumens. Al\u00e9m de economizar no consumo, essa l\u00e2mpada tem longa vida \u00fatil de 20.000 horas, reduzindo ao m\u00ednimo seu custo de manuten\u00e7\u00e3o. O \u00e2ngulo do feixe \u00e9 de 360 \u00b0 e a ilumina\u00e7\u00e3o do espa\u00e7o \u00e9 da mais alta qualidade gra\u00e7as ao seu \u00edndice de reprodu\u00e7\u00e3o de cores Ra&gt; 80, que garante uma reprodu\u00e7\u00e3o fiel das cores dos objetos iluminados. A l\u00e2mpada inteligente fiSENSE STANDARD tem uma tomada E27 e um difusor transparente. Tem o formato de uma l\u00e2mpada cl\u00e1ssica e mede \u00f860 x 104 mm.<\/p>\n","protected":false},"excerpt":{"rendered":"<p>L\u00e2mpada LED inteligente FiSENSE STANDARD com 7 W de pot\u00eancia, 230 V CA, da fam\u00edlia PRILUX LED SMART. \u00c9 uma l\u00e2mpada com tecnologia LED que proporciona consider\u00e1veis poupan\u00e7as de consumo, e possui o excelente certificado de efici\u00eancia classe A +, que a certifica. Isso se traduz em uma economia de consumo de 88% em rela\u00e7\u00e3o ao uso das tradicionais l\u00e2mpadas incandescentes. Esta l\u00e2mpada de baix\u00edssima pot\u00eancia possui um filamento LED. Equipado com uma fonte de luz LED de 4.000K com temperatura de cor e tom de luz neutro. Ele oferece um fluxo luminoso de 841 lumens. Al\u00e9m de economizar no consumo, essa l\u00e2mpada tem longa vida \u00fatil de 20.000 horas, reduzindo ao m\u00ednimo seu custo de manuten\u00e7\u00e3o. O \u00e2ngulo do feixe \u00e9 de 360 \u00b0 e a ilumina\u00e7\u00e3o do espa\u00e7o \u00e9 da mais alta qualidade gra\u00e7as ao seu \u00edndice de reprodu\u00e7\u00e3o de cores Ra&gt; 80, que garante uma reprodu\u00e7\u00e3o fiel das cores dos objetos iluminados. A l\u00e2mpada inteligente fiSENSE STANDARD tem uma tomada E27 e um difusor transparente. Tem o formato de uma l\u00e2mpada cl\u00e1ssica e mede \u00f860 x 104 mm.<\/p>\n","protected":false},"featured_media":1709743,"template":"","meta":[],"product_cat":[6124],"product_tag":[],"familia":[],"acf":[],"_links":{"self":[{"href":"https:\/\/prilux.es\/pt-pt\/wp-json\/wp\/v2\/product\/1710084"}],"collection":[{"href":"https:\/\/prilux.es\/pt-pt\/wp-json\/wp\/v2\/product"}],"about":[{"href":"https:\/\/prilux.es\/pt-pt\/wp-json\/wp\/v2\/types\/product"}],"version-history":[{"count":0,"href":"https:\/\/prilux.es\/pt-pt\/wp-json\/wp\/v2\/product\/1710084\/revisions"}],"wp:featuredmedia":[{"embeddable":true,"href":"https:\/\/prilux.es\/pt-pt\/wp-json\/wp\/v2\/media\/1709743"}],"wp:attachment":[{"href":"https:\/\/prilux.es\/pt-pt\/wp-json\/wp\/v2\/media?parent=1710084"}],"wp:term":[{"taxonomy":"product_cat","embeddable":true,"href":"https:\/\/prilux.es\/pt-pt\/wp-json\/wp\/v2\/product_cat?post=1710084"},{"taxonomy":"product_tag","embeddable":true,"href":"https:\/\/prilux.es\/pt-pt\/wp-json\/wp\/v2\/product_tag?post=1710084"},{"taxonomy":"familia","embeddable":true,"href":"https:\/\/prilux.es\/pt-pt\/wp-json\/wp\/v2\/familia?post=1710084"}],"curies":[{"name":"wp","href":"https:\/\/api.w.org\/{rel}","templated":true}]}}