{"id":1751762,"date":"2025-06-05T15:34:42","date_gmt":"2025-06-05T14:34:42","guid":{"rendered":"https:\/\/prilux.es\/product\/essense-ball-basic-5w-827-e27-230v-erp\/"},"modified":"2025-06-05T15:34:59","modified_gmt":"2025-06-05T14:34:59","slug":"essense-ball-basic-5w-827-e27-230v-erp","status":"publish","type":"product","link":"https:\/\/prilux.es\/pt-pt\/produto\/essense-ball-basic-5w-827-e27-230v-erp\/","title":{"rendered":"ESSENSE BALL BASIC 5W 827 E27 230V ERP"},"content":{"rendered":"<p>L\u00e1mpara ESSENSE BALL BASIC de 5W de potencia, a un voltaje de 230V AC, de la familia PRILUX LED BASIC. Es una l\u00e1mpara esf\u00e9rica con tecnolog\u00eda LED que aporta un considerable ahorro de consumo, y cuenta con el notable certificado de eficiencia de clase A+, que as\u00ed lo certifica. Esto se traduce en un ahorro de consumo de un 87% en comparaci\u00f3n al uso de l\u00e1mparas incandescentes tradicionales. ESSENSE BALL BASIC est\u00e1 equipada con LEDs de 3.000K de temperatura de color y tono de luz c\u00e1lido, y ofrece un flujo luminoso de 493 l\u00famenes. Adem\u00e1s del ahorro en el consumo, esta l\u00e1mpara tiene una extensa vida \u00fatil de 15.000 horas, reduciendo al m\u00ednimo su coste de mantenimiento. El \u00e1ngulo de apertura del haz de luz es de 240\u00b0, esta l\u00e1mpara ofrece una distribuci\u00f3n extraordinaria y su alumbrado del espacio es de primera calidad gracias un \u00edndice de reproducci\u00f3n crom\u00e1tica Ra&gt;80, que asegura una reproducci\u00f3n fiel de los colores de los objetos iluminados. La l\u00e1mpara ESSENSE BALL BASIC cuenta con un casquillo E27, un difusor opal y es de color blanco. Tiene una forma esf\u00e9rica, de bola, y sus dimensiones son de \u00f845x74mm.<\/p>\n","protected":false},"excerpt":{"rendered":"<p>L\u00e1mpara ESSENSE BALL BASIC de 5W de potencia, a un voltaje de 230V AC, de la familia PRILUX LED BASIC. Es una l\u00e1mpara esf\u00e9rica con tecnolog\u00eda LED que aporta un considerable ahorro de consumo, y cuenta con el notable certificado de eficiencia de clase A+, que as\u00ed lo certifica. Esto se traduce en un ahorro de consumo de un 87% en comparaci\u00f3n al uso de l\u00e1mparas incandescentes tradicionales. ESSENSE BALL BASIC est\u00e1 equipada con LEDs de 3.000K de temperatura de color y tono de luz c\u00e1lido, y ofrece un flujo luminoso de 493 l\u00famenes. Adem\u00e1s del ahorro en el consumo, esta l\u00e1mpara tiene una extensa vida \u00fatil de 15.000 horas, reduciendo al m\u00ednimo su coste de mantenimiento. El \u00e1ngulo de apertura del haz de luz es de 240\u00b0, esta l\u00e1mpara ofrece una distribuci\u00f3n extraordinaria y su alumbrado del espacio es de primera calidad gracias un \u00edndice de reproducci\u00f3n crom\u00e1tica Ra&gt;80, que asegura una reproducci\u00f3n fiel de los colores de los objetos iluminados. La l\u00e1mpara ESSENSE BALL BASIC cuenta con un casquillo E27, un difusor opal y es de color blanco. Tiene una forma esf\u00e9rica, de bola, y sus dimensiones son de \u00f845x74mm.<\/p>\n","protected":false},"featured_media":1748804,"template":"","meta":[],"product_cat":[6124],"product_tag":[],"familia":[{"id":25235,"name":"ESSENSE BALL","slug":"essense-ball-pt"}],"acf":[],"_links":{"self":[{"href":"https:\/\/prilux.es\/pt-pt\/wp-json\/wp\/v2\/product\/1751762"}],"collection":[{"href":"https:\/\/prilux.es\/pt-pt\/wp-json\/wp\/v2\/product"}],"about":[{"href":"https:\/\/prilux.es\/pt-pt\/wp-json\/wp\/v2\/types\/product"}],"version-history":[{"count":0,"href":"https:\/\/prilux.es\/pt-pt\/wp-json\/wp\/v2\/product\/1751762\/revisions"}],"wp:featuredmedia":[{"embeddable":true,"href":"https:\/\/prilux.es\/pt-pt\/wp-json\/wp\/v2\/media\/1748804"}],"wp:attachment":[{"href":"https:\/\/prilux.es\/pt-pt\/wp-json\/wp\/v2\/media?parent=1751762"}],"wp:term":[{"taxonomy":"product_cat","embeddable":true,"href":"https:\/\/prilux.es\/pt-pt\/wp-json\/wp\/v2\/product_cat?post=1751762"},{"taxonomy":"product_tag","embeddable":true,"href":"https:\/\/prilux.es\/pt-pt\/wp-json\/wp\/v2\/product_tag?post=1751762"},{"taxonomy":"familia","embeddable":true,"href":"https:\/\/prilux.es\/pt-pt\/wp-json\/wp\/v2\/familia?post=1751762"}],"curies":[{"name":"wp","href":"https:\/\/api.w.org\/{rel}","templated":true}]}}