{"id":1757511,"date":"2025-06-06T11:07:18","date_gmt":"2025-06-06T10:07:18","guid":{"rendered":"https:\/\/prilux.es\/product\/icon-basic-65w-827-100o-gu10-230v-dim-erp-2\/"},"modified":"2025-06-06T11:07:31","modified_gmt":"2025-06-06T10:07:31","slug":"icon-basic-65w-827-100o-gu10-230v-dim-erp-2","status":"publish","type":"product","link":"https:\/\/prilux.es\/pt-pt\/produto\/icon-basic-65w-827-100o-gu10-230v-dim-erp-2\/","title":{"rendered":"ICON BASIC 6,5W 827 100\u00ba GU10 230V DIM ERP"},"content":{"rendered":"<p>L\u00e1mpara LED de bajo consumo ICON BASIC, de la familia Prilux LED BASIC. Con una potencia de 7W, a una tensi\u00f3n de 230V AC. La l\u00e1mpara, de ahorro de consumo, ofrece un flujo luminoso de 578 l\u00famenes, y equipa l\u00e1mparas LED de 3.000K de temperatura de color y tono de luz ligeramente fr\u00edo. Regulacion Triac o por corte de fase. Esta l\u00e1mpara, que tiene el cuerpo de color blanco, cuenta con un casquillo GU10, y el \u00e1ngulo de apertura del haz es de 100\u00b0. El excelente ahorro de consumo que ofrece esta l\u00e1mpara lo demuestra su clase de eficiencia energ\u00e9tica, que corresponde a la clase A+. Este ahorro, junto a su prolongada vida \u00fatil que supera las 25.000 horas de uso, la hacen una l\u00e1mpara con un coste de mantenimiento m\u00ednimo y que supone un ahorro de consumo de un 90% respecto al de una l\u00e1mpara hal\u00f3gena. Con un \u00edndice de reproducci\u00f3n crom\u00e1tica de Ra&gt;80, esta l\u00e1mpara ilumina de manera fiel los colores de los objetos iluminados. Tiene aptitud para trabajar en temperaturas que van de los -5\u00b0C a los 35\u00b0C. Las dimensiones de esta l\u00e1mpara ICON BASIC son de \u00f850 x 58mm.<\/p>\n","protected":false},"excerpt":{"rendered":"<p>L\u00e1mpara LED de bajo consumo ICON BASIC, de la familia Prilux LED BASIC. Con una potencia de 7W, a una tensi\u00f3n de 230V AC. La l\u00e1mpara, de ahorro de consumo, ofrece un flujo luminoso de 578 l\u00famenes, y equipa l\u00e1mparas LED de 3.000K de temperatura de color y tono de luz ligeramente fr\u00edo. Regulacion Triac o por corte de fase. Esta l\u00e1mpara, que tiene el cuerpo de color blanco, cuenta con un casquillo GU10, y el \u00e1ngulo de apertura del haz es de 100\u00b0. El excelente ahorro de consumo que ofrece esta l\u00e1mpara lo demuestra su clase de eficiencia energ\u00e9tica, que corresponde a la clase A+. Este ahorro, junto a su prolongada vida \u00fatil que supera las 25.000 horas de uso, la hacen una l\u00e1mpara con un coste de mantenimiento m\u00ednimo y que supone un ahorro de consumo de un 90% respecto al de una l\u00e1mpara hal\u00f3gena. Con un \u00edndice de reproducci\u00f3n crom\u00e1tica de Ra&gt;80, esta l\u00e1mpara ilumina de manera fiel los colores de los objetos iluminados. Tiene aptitud para trabajar en temperaturas que van de los -5\u00b0C a los 35\u00b0C. Las dimensiones de esta l\u00e1mpara ICON BASIC son de \u00f850 x 58mm.<\/p>\n","protected":false},"featured_media":1756803,"template":"","meta":[],"product_cat":[6124],"product_tag":[],"familia":[{"id":25247,"name":"ICON","slug":"icon-pt"}],"acf":[],"_links":{"self":[{"href":"https:\/\/prilux.es\/pt-pt\/wp-json\/wp\/v2\/product\/1757511"}],"collection":[{"href":"https:\/\/prilux.es\/pt-pt\/wp-json\/wp\/v2\/product"}],"about":[{"href":"https:\/\/prilux.es\/pt-pt\/wp-json\/wp\/v2\/types\/product"}],"version-history":[{"count":0,"href":"https:\/\/prilux.es\/pt-pt\/wp-json\/wp\/v2\/product\/1757511\/revisions"}],"wp:featuredmedia":[{"embeddable":true,"href":"https:\/\/prilux.es\/pt-pt\/wp-json\/wp\/v2\/media\/1756803"}],"wp:attachment":[{"href":"https:\/\/prilux.es\/pt-pt\/wp-json\/wp\/v2\/media?parent=1757511"}],"wp:term":[{"taxonomy":"product_cat","embeddable":true,"href":"https:\/\/prilux.es\/pt-pt\/wp-json\/wp\/v2\/product_cat?post=1757511"},{"taxonomy":"product_tag","embeddable":true,"href":"https:\/\/prilux.es\/pt-pt\/wp-json\/wp\/v2\/product_tag?post=1757511"},{"taxonomy":"familia","embeddable":true,"href":"https:\/\/prilux.es\/pt-pt\/wp-json\/wp\/v2\/familia?post=1757511"}],"curies":[{"name":"wp","href":"https:\/\/api.w.org\/{rel}","templated":true}]}}