{"id":1760153,"date":"2025-06-06T12:21:03","date_gmt":"2025-06-06T11:21:03","guid":{"rendered":"https:\/\/prilux.es\/product\/kentau-avant-cl-20w-830-220-240v-gr9006\/"},"modified":"2025-06-06T12:21:14","modified_gmt":"2025-06-06T11:21:14","slug":"kentau-avant-cl-20w-830-220-240v-gr9006","status":"publish","type":"product","link":"https:\/\/prilux.es\/pt-pt\/produto\/kentau-avant-cl-20w-830-220-240v-gr9006\/","title":{"rendered":"KENTAU AVANT CL 20W 830 220-240V GR9006"},"content":{"rendered":"<p>Downlight LED KENTAU AVANT, a 230V AC, quadrado e circular em branco e cinza. F\u00e1cil instala\u00e7\u00e3o, montagem vers\u00e1til e tecnologia CellTech.<\/p>\n","protected":false},"excerpt":{"rendered":"<p>Downlight LED KENTAU AVANT, a 230V AC, quadrado e circular em branco e cinza. F\u00e1cil instala\u00e7\u00e3o, montagem vers\u00e1til e tecnologia CellTech.<\/p>\n","protected":false},"featured_media":1729606,"template":"","meta":[],"product_cat":[6131],"product_tag":[],"familia":[{"id":25259,"name":"KENTAU","slug":"kentau-pt"}],"acf":[],"_links":{"self":[{"href":"https:\/\/prilux.es\/pt-pt\/wp-json\/wp\/v2\/product\/1760153"}],"collection":[{"href":"https:\/\/prilux.es\/pt-pt\/wp-json\/wp\/v2\/product"}],"about":[{"href":"https:\/\/prilux.es\/pt-pt\/wp-json\/wp\/v2\/types\/product"}],"version-history":[{"count":0,"href":"https:\/\/prilux.es\/pt-pt\/wp-json\/wp\/v2\/product\/1760153\/revisions"}],"wp:featuredmedia":[{"embeddable":true,"href":"https:\/\/prilux.es\/pt-pt\/wp-json\/wp\/v2\/media\/1729606"}],"wp:attachment":[{"href":"https:\/\/prilux.es\/pt-pt\/wp-json\/wp\/v2\/media?parent=1760153"}],"wp:term":[{"taxonomy":"product_cat","embeddable":true,"href":"https:\/\/prilux.es\/pt-pt\/wp-json\/wp\/v2\/product_cat?post=1760153"},{"taxonomy":"product_tag","embeddable":true,"href":"https:\/\/prilux.es\/pt-pt\/wp-json\/wp\/v2\/product_tag?post=1760153"},{"taxonomy":"familia","embeddable":true,"href":"https:\/\/prilux.es\/pt-pt\/wp-json\/wp\/v2\/familia?post=1760153"}],"curies":[{"name":"wp","href":"https:\/\/api.w.org\/{rel}","templated":true}]}}