{"id":1761372,"date":"2025-06-06T12:39:57","date_gmt":"2025-06-06T11:39:57","guid":{"rendered":"https:\/\/prilux.es\/product\/kentau-avant-cl-9w-830-150mm-220-240v-branco\/"},"modified":"2025-06-06T12:47:19","modified_gmt":"2025-06-06T11:47:19","slug":"kentau-avant-cl-9w-830-150mm-220-240v-branco","status":"publish","type":"product","link":"https:\/\/prilux.es\/pt-pt\/produto\/kentau-avant-cl-9w-830-150mm-220-240v-branco\/","title":{"rendered":"KENTAU AVANT CL 9W 830 150MM 220-240V BRANCO"},"content":{"rendered":"<p>Downlight LED KENTAU AVANT, a 230V AC,  de forma cuadrada y circular color blanco y gris. De f\u00e1cil instalaci\u00f3n, montaje vers\u00e1til y tecnolog\u00eda CellTech.<\/p>\n","protected":false},"excerpt":{"rendered":"<p>Downlight LED KENTAU AVANT, a 230V AC,  de forma cuadrada y circular color blanco y gris. De f\u00e1cil instalaci\u00f3n, montaje vers\u00e1til y tecnolog\u00eda CellTech.<\/p>\n","protected":false},"featured_media":1729602,"template":"","meta":[],"product_cat":[6131],"product_tag":[],"familia":[{"id":25259,"name":"KENTAU","slug":"kentau-pt"}],"acf":[],"_links":{"self":[{"href":"https:\/\/prilux.es\/pt-pt\/wp-json\/wp\/v2\/product\/1761372"}],"collection":[{"href":"https:\/\/prilux.es\/pt-pt\/wp-json\/wp\/v2\/product"}],"about":[{"href":"https:\/\/prilux.es\/pt-pt\/wp-json\/wp\/v2\/types\/product"}],"version-history":[{"count":0,"href":"https:\/\/prilux.es\/pt-pt\/wp-json\/wp\/v2\/product\/1761372\/revisions"}],"wp:featuredmedia":[{"embeddable":true,"href":"https:\/\/prilux.es\/pt-pt\/wp-json\/wp\/v2\/media\/1729602"}],"wp:attachment":[{"href":"https:\/\/prilux.es\/pt-pt\/wp-json\/wp\/v2\/media?parent=1761372"}],"wp:term":[{"taxonomy":"product_cat","embeddable":true,"href":"https:\/\/prilux.es\/pt-pt\/wp-json\/wp\/v2\/product_cat?post=1761372"},{"taxonomy":"product_tag","embeddable":true,"href":"https:\/\/prilux.es\/pt-pt\/wp-json\/wp\/v2\/product_tag?post=1761372"},{"taxonomy":"familia","embeddable":true,"href":"https:\/\/prilux.es\/pt-pt\/wp-json\/wp\/v2\/familia?post=1761372"}],"curies":[{"name":"wp","href":"https:\/\/api.w.org\/{rel}","templated":true}]}}