{"id":1762332,"date":"2025-06-06T12:55:51","date_gmt":"2025-06-06T11:55:51","guid":{"rendered":"https:\/\/prilux.es\/product\/kentau-avant-sq-14w-830-220-240v-branco-2\/"},"modified":"2025-06-09T10:07:13","modified_gmt":"2025-06-09T09:07:13","slug":"kentau-avant-sq-14w-830-220-240v-branco-2","status":"publish","type":"product","link":"https:\/\/prilux.es\/pt-pt\/produto\/kentau-avant-sq-14w-830-220-240v-branco-2\/","title":{"rendered":"KENTAU AVANT SQ 14W 830 220-240V BRANCO"},"content":{"rendered":"<p>Downlight LED KENTAU AVANT, a 230V AC,  de forma cuadrada y circular color blanco y gris. De f\u00e1cil instalaci\u00f3n, montaje vers\u00e1til y tecnolog\u00eda CellTech.<\/p>\n","protected":false},"excerpt":{"rendered":"<p>Downlight LED KENTAU AVANT, a 230V AC,  de forma cuadrada y circular color blanco y gris. De f\u00e1cil instalaci\u00f3n, montaje vers\u00e1til y tecnolog\u00eda CellTech.<\/p>\n","protected":false},"featured_media":1725466,"template":"","meta":{"_acf_changed":false},"product_brand":[],"product_cat":[6131],"product_tag":[],"familia":[{"id":25259,"name":"KENTAU","slug":"kentau-pt"}],"class_list":{"0":"post-1762332","1":"product","2":"type-product","3":"status-publish","4":"has-post-thumbnail","6":"product_cat-wbin02","7":"familia-kentau-pt","9":"first","10":"instock","11":"shipping-taxable","12":"product-type-simple"},"acf":[],"_links":{"self":[{"href":"https:\/\/prilux.es\/pt-pt\/wp-json\/wp\/v2\/product\/1762332","targetHints":{"allow":["GET"]}}],"collection":[{"href":"https:\/\/prilux.es\/pt-pt\/wp-json\/wp\/v2\/product"}],"about":[{"href":"https:\/\/prilux.es\/pt-pt\/wp-json\/wp\/v2\/types\/product"}],"version-history":[{"count":0,"href":"https:\/\/prilux.es\/pt-pt\/wp-json\/wp\/v2\/product\/1762332\/revisions"}],"wp:featuredmedia":[{"embeddable":true,"href":"https:\/\/prilux.es\/pt-pt\/wp-json\/wp\/v2\/media\/1725466"}],"wp:attachment":[{"href":"https:\/\/prilux.es\/pt-pt\/wp-json\/wp\/v2\/media?parent=1762332"}],"wp:term":[{"taxonomy":"product_brand","embeddable":true,"href":"https:\/\/prilux.es\/pt-pt\/wp-json\/wp\/v2\/product_brand?post=1762332"},{"taxonomy":"product_cat","embeddable":true,"href":"https:\/\/prilux.es\/pt-pt\/wp-json\/wp\/v2\/product_cat?post=1762332"},{"taxonomy":"product_tag","embeddable":true,"href":"https:\/\/prilux.es\/pt-pt\/wp-json\/wp\/v2\/product_tag?post=1762332"},{"taxonomy":"familia","embeddable":true,"href":"https:\/\/prilux.es\/pt-pt\/wp-json\/wp\/v2\/familia?post=1762332"}],"curies":[{"name":"wp","href":"https:\/\/api.w.org\/{rel}","templated":true}]}}