{"id":1765553,"date":"2025-06-09T10:41:40","date_gmt":"2025-06-09T09:41:40","guid":{"rendered":"https:\/\/prilux.es\/product\/kentau-avant-sq-20w-830-220-240v-blanco\/"},"modified":"2025-06-09T10:41:50","modified_gmt":"2025-06-09T09:41:50","slug":"kentau-avant-sq-20w-830-220-240v-blanco","status":"publish","type":"product","link":"https:\/\/prilux.es\/pt-pt\/produto\/kentau-avant-sq-20w-830-220-240v-blanco\/","title":{"rendered":"KENTAU AVANT SQ 20W 830 220-240V BLANCO"},"content":{"rendered":"<p>Lumin\u00e1ria embutida KENTAU AVANT SQ 20W LED da fam\u00edlia PRILUX. KENTAU AVANT SQ \u00e9 um downlight de baixo consumo de energia com um design simples, puro, elegante e compacto. A sua instala\u00e7\u00e3o \u00e9 f\u00e1cil, gra\u00e7as \u00e0 sua tecnologia CELLTECH, que simplifica muito a instala\u00e7\u00e3o do driver. A possibilidade de escolher entre os seus 4 tamanhos, 2 temperaturas de cor, forma quadrada ou circular e instala\u00e7\u00e3o embutida ou saliente tornam este Downlight o mais vers\u00e1til e atraente do mercado. O driver tamb\u00e9m \u00e9 remov\u00edvel e intercambi\u00e1vel. A montagem do KENTAU AVANT SQ LED \u00e9 embutida, embora tamb\u00e9m possa ser instalada na superf\u00edcie, utilizando um acess\u00f3rio. O downlight KENTAU AVANT SQ LED, de formato quadrado, tem corpo em alum\u00ednio e difusor em policarbonato e \u00e9 branco. Adequada para ilumina\u00e7\u00e3o interior, a lumin\u00e1ria tem um \u00edndice de prote\u00e7\u00e3o IP20, embora seja IP44 depois de instalado o downlight. A vida \u00fatil do LED KENTAU AVANT SQ \u00e9 L70&gt; 50.000h. De baixo consumo, este downlight tem uma pot\u00eancia de 20W e um fluxo luminoso de 2197 lumens, a uma tens\u00e3o de 230V AC. O downlight est\u00e1 equipado com l\u00e2mpadas LED com temperatura de cor de 3.000K e tom de luz quente. Com boas qualidades de luz, possui um \u00edndice de reprodu\u00e7\u00e3o de cores Ra&gt; 80, o que garante uma reprodu\u00e7\u00e3o fiel das cores dos objetos iluminados.<\/p>\n","protected":false},"excerpt":{"rendered":"<p>Lumin\u00e1ria embutida KENTAU AVANT SQ 20W LED da fam\u00edlia PRILUX. KENTAU AVANT SQ \u00e9 um downlight de baixo consumo de energia com um design simples, puro, elegante e compacto. A sua instala\u00e7\u00e3o \u00e9 f\u00e1cil, gra\u00e7as \u00e0 sua tecnologia CELLTECH, que simplifica muito a instala\u00e7\u00e3o do driver. A possibilidade de escolher entre os seus 4 tamanhos, 2 temperaturas de cor, forma quadrada ou circular e instala\u00e7\u00e3o embutida ou saliente tornam este Downlight o mais vers\u00e1til e atraente do mercado. O driver tamb\u00e9m \u00e9 remov\u00edvel e intercambi\u00e1vel. A montagem do KENTAU AVANT SQ LED \u00e9 embutida, embora tamb\u00e9m possa ser instalada na superf\u00edcie, utilizando um acess\u00f3rio. O downlight KENTAU AVANT SQ LED, de formato quadrado, tem corpo em alum\u00ednio e difusor em policarbonato e \u00e9 branco. Adequada para ilumina\u00e7\u00e3o interior, a lumin\u00e1ria tem um \u00edndice de prote\u00e7\u00e3o IP20, embora seja IP44 depois de instalado o downlight. A vida \u00fatil do LED KENTAU AVANT SQ \u00e9 L70&gt; 50.000h. De baixo consumo, este downlight tem uma pot\u00eancia de 20W e um fluxo luminoso de 2197 lumens, a uma tens\u00e3o de 230V AC. O downlight est\u00e1 equipado com l\u00e2mpadas LED com temperatura de cor de 3.000K e tom de luz quente. Com boas qualidades de luz, possui um \u00edndice de reprodu\u00e7\u00e3o de cores Ra&gt; 80, o que garante uma reprodu\u00e7\u00e3o fiel das cores dos objetos iluminados.<\/p>\n","protected":false},"featured_media":1725466,"template":"","meta":[],"product_cat":[6131],"product_tag":[],"familia":[{"id":25259,"name":"KENTAU","slug":"kentau-pt"}],"acf":[],"_links":{"self":[{"href":"https:\/\/prilux.es\/pt-pt\/wp-json\/wp\/v2\/product\/1765553"}],"collection":[{"href":"https:\/\/prilux.es\/pt-pt\/wp-json\/wp\/v2\/product"}],"about":[{"href":"https:\/\/prilux.es\/pt-pt\/wp-json\/wp\/v2\/types\/product"}],"version-history":[{"count":0,"href":"https:\/\/prilux.es\/pt-pt\/wp-json\/wp\/v2\/product\/1765553\/revisions"}],"wp:featuredmedia":[{"embeddable":true,"href":"https:\/\/prilux.es\/pt-pt\/wp-json\/wp\/v2\/media\/1725466"}],"wp:attachment":[{"href":"https:\/\/prilux.es\/pt-pt\/wp-json\/wp\/v2\/media?parent=1765553"}],"wp:term":[{"taxonomy":"product_cat","embeddable":true,"href":"https:\/\/prilux.es\/pt-pt\/wp-json\/wp\/v2\/product_cat?post=1765553"},{"taxonomy":"product_tag","embeddable":true,"href":"https:\/\/prilux.es\/pt-pt\/wp-json\/wp\/v2\/product_tag?post=1765553"},{"taxonomy":"familia","embeddable":true,"href":"https:\/\/prilux.es\/pt-pt\/wp-json\/wp\/v2\/familia?post=1765553"}],"curies":[{"name":"wp","href":"https:\/\/api.w.org\/{rel}","templated":true}]}}