{"id":1778570,"date":"2025-06-11T07:27:28","date_gmt":"2025-06-11T06:27:28","guid":{"rendered":"https:\/\/prilux.es\/product\/kentau-avant-sq-6w-840-220-240v-gr9006\/"},"modified":"2025-06-11T07:34:34","modified_gmt":"2025-06-11T06:34:34","slug":"kentau-avant-sq-6w-840-220-240v-gr9006","status":"publish","type":"product","link":"https:\/\/prilux.es\/pt-pt\/produto\/kentau-avant-sq-6w-840-220-240v-gr9006\/","title":{"rendered":"KENTAU AVANT SQ 6W 840 220-240V GR9006"},"content":{"rendered":"<p>Downlight LED KENTAU AVANT CL, 14W, da fam\u00edlia KENTAU AVANT CL. KENTAU AVANT CL \u00e9 um downlight com baixo consumo de energia e um design simples, puro, elegante e compacto. \u00c9 f\u00e1cil de instalar gra\u00e7as \u00e0 sua tecnologia CELLTECH, que simplifica muito a instala\u00e7\u00e3o do controlador. A possibilidade de escolher entre os seus 4 tamanhos, 2 temperaturas de cor, a forma quadrada ou circular e a instala\u00e7\u00e3o encastrada ou \u00e0 superf\u00edcie fazem deste downlight o mais vers\u00e1til e atrativo do mercado. O driver \u00e9 tamb\u00e9m amov\u00edvel e intercambi\u00e1vel. A lumin\u00e1ria de embutir KENTAU AVANT CL LED \u00e9 de encastrar, mas tamb\u00e9m pode ser montada \u00e0 superf\u00edcie com um acess\u00f3rio. O downlight KENTAU AVANT CL LED, de forma quadrada, tem um corpo em alum\u00ednio e um difusor em policarbonato, e \u00e9 de cor branca. Adequada para a ilumina\u00e7\u00e3o interior, a lumin\u00e1ria tem um \u00edndice de prote\u00e7\u00e3o IP20, embora este seja IP44 quando o downlight \u00e9 instalado. A dura\u00e7\u00e3o de vida do LED KENTAU AVANT CL \u00e9 de L70&gt;50.000h. Este downlight economizador de energia tem uma pot\u00eancia de 14W e um fluxo luminoso de 1680 l\u00famens a uma tens\u00e3o de 230V AC. O downlight est\u00e1 equipado com l\u00e2mpadas LED 4000K com uma temperatura de cor e um tom de luz quente. Com boas qualidades de ilumina\u00e7\u00e3o, tem um \u00edndice de restitui\u00e7\u00e3o de cor de Ra&gt;80, o que garante uma reprodu\u00e7\u00e3o fiel das cores dos objectos iluminados.<\/p>\n","protected":false},"excerpt":{"rendered":"<p>Downlight LED KENTAU AVANT CL, 14W, da fam\u00edlia KENTAU AVANT CL. KENTAU AVANT CL \u00e9 um downlight com baixo consumo de energia e um design simples, puro, elegante e compacto. \u00c9 f\u00e1cil de instalar gra\u00e7as \u00e0 sua tecnologia CELLTECH, que simplifica muito a instala\u00e7\u00e3o do controlador. A possibilidade de escolher entre os seus 4 tamanhos, 2 temperaturas de cor, a forma quadrada ou circular e a instala\u00e7\u00e3o encastrada ou \u00e0 superf\u00edcie fazem deste downlight o mais vers\u00e1til e atrativo do mercado. O driver \u00e9 tamb\u00e9m amov\u00edvel e intercambi\u00e1vel. A lumin\u00e1ria de embutir KENTAU AVANT CL LED \u00e9 de encastrar, mas tamb\u00e9m pode ser montada \u00e0 superf\u00edcie com um acess\u00f3rio. O downlight KENTAU AVANT CL LED, de forma quadrada, tem um corpo em alum\u00ednio e um difusor em policarbonato, e \u00e9 de cor branca. Adequada para a ilumina\u00e7\u00e3o interior, a lumin\u00e1ria tem um \u00edndice de prote\u00e7\u00e3o IP20, embora este seja IP44 quando o downlight \u00e9 instalado. A dura\u00e7\u00e3o de vida do LED KENTAU AVANT CL \u00e9 de L70&gt;50.000h. Este downlight economizador de energia tem uma pot\u00eancia de 14W e um fluxo luminoso de 1680 l\u00famens a uma tens\u00e3o de 230V AC. O downlight est\u00e1 equipado com l\u00e2mpadas LED 4000K com uma temperatura de cor e um tom de luz quente. Com boas qualidades de ilumina\u00e7\u00e3o, tem um \u00edndice de restitui\u00e7\u00e3o de cor de Ra&gt;80, o que garante uma reprodu\u00e7\u00e3o fiel das cores dos objectos iluminados.<\/p>\n","protected":false},"featured_media":1725466,"template":"","meta":[],"product_cat":[6131],"product_tag":[],"familia":[{"id":25259,"name":"KENTAU","slug":"kentau-pt"}],"acf":[],"_links":{"self":[{"href":"https:\/\/prilux.es\/pt-pt\/wp-json\/wp\/v2\/product\/1778570"}],"collection":[{"href":"https:\/\/prilux.es\/pt-pt\/wp-json\/wp\/v2\/product"}],"about":[{"href":"https:\/\/prilux.es\/pt-pt\/wp-json\/wp\/v2\/types\/product"}],"version-history":[{"count":0,"href":"https:\/\/prilux.es\/pt-pt\/wp-json\/wp\/v2\/product\/1778570\/revisions"}],"wp:featuredmedia":[{"embeddable":true,"href":"https:\/\/prilux.es\/pt-pt\/wp-json\/wp\/v2\/media\/1725466"}],"wp:attachment":[{"href":"https:\/\/prilux.es\/pt-pt\/wp-json\/wp\/v2\/media?parent=1778570"}],"wp:term":[{"taxonomy":"product_cat","embeddable":true,"href":"https:\/\/prilux.es\/pt-pt\/wp-json\/wp\/v2\/product_cat?post=1778570"},{"taxonomy":"product_tag","embeddable":true,"href":"https:\/\/prilux.es\/pt-pt\/wp-json\/wp\/v2\/product_tag?post=1778570"},{"taxonomy":"familia","embeddable":true,"href":"https:\/\/prilux.es\/pt-pt\/wp-json\/wp\/v2\/familia?post=1778570"}],"curies":[{"name":"wp","href":"https:\/\/api.w.org\/{rel}","templated":true}]}}