{"id":1790667,"date":"2025-06-12T07:42:59","date_gmt":"2025-06-12T06:42:59","guid":{"rendered":"https:\/\/prilux.es\/product\/kentau-avant-cl-14w-840-175mm-220-240v-blanco-dali\/"},"modified":"2025-06-12T07:54:47","modified_gmt":"2025-06-12T06:54:47","slug":"kentau-avant-cl-14w-840-175mm-220-240v-blanco-dali","status":"publish","type":"product","link":"https:\/\/prilux.es\/pt-pt\/produto\/kentau-avant-cl-14w-840-175mm-220-240v-blanco-dali\/","title":{"rendered":"KENTAU AVANT CL 14W 840 175MM 220-240V BLANCO DALI"},"content":{"rendered":"<p>Downlight LED KENTAU AVANT CL, de 14W, de la familia. KENTAU AVANT CL es un downlight de reducido consumo energ\u00e9tico y de dise\u00f1o sencillo, puro, elegante y compacto. Su instalaci\u00f3n es f\u00e1cil, gracias a su tecnolog\u00eda CELLTECH, que simplifica enormemente la instalaci\u00f3n del driver. La posibilidad de elegir entre sus 4 tama\u00f1os, 2 temperaturas de color, forma cuadrada o circular e instalaci\u00f3n empotrada o en superficie convierten este Downlight en el m\u00e1s vers\u00e1til y atractivo del mercado. El driver es, adem\u00e1s, extra\u00edble e intercambiable. El montaje de LED KENTAU AVANT CL se realiza empotrado, si bien puede instalarse tambi\u00e9n en superficie, mediante un accesorio. El downlight LED KENTAU AVANT CL, de forma cuadrada, cuenta con cuerpo de aluminio y difusor de policarbonato, y es de color blanco. Apta para el alumbrado de interiores, la luminaria cuenta con un \u00edndice de protecci\u00f3n IP20, si bien este es de IP44 una vez instalado el downlight. La vida \u00fatil de LED KENTAU AVANT CL es de L70&gt;50.000h. De reducido consumo, este downlight cuenta con una potencia de 14W y un flujo luminoso de 1680 l\u00famenes, a 230V AC de tensi\u00f3n. El downlight equipa l\u00e1mparas LED de 4000K de temperatura de color y tono de luz c\u00e1lido. Con unas buenas cualidades lum\u00ednicas, cuenta con un \u00edndice de reproducci\u00f3n crom\u00e1tica de Ra&gt;80, que asegura una reproducci\u00f3n fiel de los colores de los objetos iluminados.<\/p>\n","protected":false},"excerpt":{"rendered":"<p>Downlight LED KENTAU AVANT CL, de 14W, de la familia. KENTAU AVANT CL es un downlight de reducido consumo energ\u00e9tico y de dise\u00f1o sencillo, puro, elegante y compacto. Su instalaci\u00f3n es f\u00e1cil, gracias a su tecnolog\u00eda CELLTECH, que simplifica enormemente la instalaci\u00f3n del driver. La posibilidad de elegir entre sus 4 tama\u00f1os, 2 temperaturas de color, forma cuadrada o circular e instalaci\u00f3n empotrada o en superficie convierten este Downlight en el m\u00e1s vers\u00e1til y atractivo del mercado. El driver es, adem\u00e1s, extra\u00edble e intercambiable. El montaje de LED KENTAU AVANT CL se realiza empotrado, si bien puede instalarse tambi\u00e9n en superficie, mediante un accesorio. El downlight LED KENTAU AVANT CL, de forma cuadrada, cuenta con cuerpo de aluminio y difusor de policarbonato, y es de color blanco. Apta para el alumbrado de interiores, la luminaria cuenta con un \u00edndice de protecci\u00f3n IP20, si bien este es de IP44 una vez instalado el downlight. La vida \u00fatil de LED KENTAU AVANT CL es de L70&gt;50.000h. De reducido consumo, este downlight cuenta con una potencia de 14W y un flujo luminoso de 1680 l\u00famenes, a 230V AC de tensi\u00f3n. El downlight equipa l\u00e1mparas LED de 4000K de temperatura de color y tono de luz c\u00e1lido. Con unas buenas cualidades lum\u00ednicas, cuenta con un \u00edndice de reproducci\u00f3n crom\u00e1tica de Ra&gt;80, que asegura una reproducci\u00f3n fiel de los colores de los objetos iluminados.<\/p>\n","protected":false},"featured_media":1729606,"template":"","meta":[],"product_cat":[6131],"product_tag":[],"familia":[{"id":25259,"name":"KENTAU","slug":"kentau-pt"}],"acf":[],"_links":{"self":[{"href":"https:\/\/prilux.es\/pt-pt\/wp-json\/wp\/v2\/product\/1790667"}],"collection":[{"href":"https:\/\/prilux.es\/pt-pt\/wp-json\/wp\/v2\/product"}],"about":[{"href":"https:\/\/prilux.es\/pt-pt\/wp-json\/wp\/v2\/types\/product"}],"version-history":[{"count":0,"href":"https:\/\/prilux.es\/pt-pt\/wp-json\/wp\/v2\/product\/1790667\/revisions"}],"wp:featuredmedia":[{"embeddable":true,"href":"https:\/\/prilux.es\/pt-pt\/wp-json\/wp\/v2\/media\/1729606"}],"wp:attachment":[{"href":"https:\/\/prilux.es\/pt-pt\/wp-json\/wp\/v2\/media?parent=1790667"}],"wp:term":[{"taxonomy":"product_cat","embeddable":true,"href":"https:\/\/prilux.es\/pt-pt\/wp-json\/wp\/v2\/product_cat?post=1790667"},{"taxonomy":"product_tag","embeddable":true,"href":"https:\/\/prilux.es\/pt-pt\/wp-json\/wp\/v2\/product_tag?post=1790667"},{"taxonomy":"familia","embeddable":true,"href":"https:\/\/prilux.es\/pt-pt\/wp-json\/wp\/v2\/familia?post=1790667"}],"curies":[{"name":"wp","href":"https:\/\/api.w.org\/{rel}","templated":true}]}}