{"id":1807838,"date":"2025-06-17T09:50:57","date_gmt":"2025-06-17T08:50:57","guid":{"rendered":"https:\/\/prilux.es\/product\/kentau-cl-20w-830-225mm-ac180-250v-cinza-ral9006\/"},"modified":"2025-06-17T11:22:41","modified_gmt":"2025-06-17T10:22:41","slug":"kentau-cl-20w-830-225mm-ac180-250v-cinza-ral9006","status":"publish","type":"product","link":"https:\/\/prilux.es\/pt-pt\/produto\/kentau-cl-20w-830-225mm-ac180-250v-cinza-ral9006\/","title":{"rendered":"KENTAU CL 20W 830 225MM AC180-250V CINZA RAL9006"},"content":{"rendered":"<p>Lumin\u00e1ria embutida KENTAU LED, 20W, da fam\u00edlia PRILUX SILVER LED. KENTAU \u00e9 um downlight de baixo consumo de energia com um design simples, puro, elegante e compacto. A sua instala\u00e7\u00e3o \u00e9 f\u00e1cil, gra\u00e7as \u00e0 sua tecnologia CELLTECH, que simplifica muito a instala\u00e7\u00e3o do driver. A possibilidade de escolher entre os seus 4 tamanhos, 2 temperaturas de cor, forma quadrada ou circular e instala\u00e7\u00e3o embutida ou saliente tornam este Downlight o mais vers\u00e1til e atraente do mercado. O driver tamb\u00e9m \u00e9 remov\u00edvel e intercambi\u00e1vel. O conjunto KENTAU LED \u00e9 embutido, embora tamb\u00e9m possa ser instalado na superf\u00edcie, utilizando um acess\u00f3rio. O downlight KENTAU LED, de formato circular, possui corpo em alum\u00ednio e difusor em policarbonato, e \u00e9 de cor n\u00edquel com acabamento mate. Adequado para ilumina\u00e7\u00e3o interna, com um \u00edndice de prote\u00e7\u00e3o IP20, embora seja IP40 uma vez que o downlight esteja instalado. A vida \u00fatil do LED KENTAU \u00e9 L70&gt; 50.000h. De baixo consumo, este downlight tem uma pot\u00eancia de 20W e um fluxo luminoso de 2.173 lumens, com tens\u00e3o de 230V AC. O downlight est\u00e1 equipado com 3.000K l\u00e2mpadas LED com temperatura de cor e tom de luz quente. Com boas qualidades de luz, possui um \u00edndice de reprodu\u00e7\u00e3o de cores Ra&gt; 80, o que garante uma reprodu\u00e7\u00e3o fiel das cores dos objetos iluminados. O KENTAU mede \u00f8225 x 30 mm e o recorte do teto para a montagem deve ser \u00f8200-210 mm.<\/p>\n","protected":false},"excerpt":{"rendered":"<p>Lumin\u00e1ria embutida KENTAU LED, 20W, da fam\u00edlia PRILUX SILVER LED. KENTAU \u00e9 um downlight de baixo consumo de energia com um design simples, puro, elegante e compacto. A sua instala\u00e7\u00e3o \u00e9 f\u00e1cil, gra\u00e7as \u00e0 sua tecnologia CELLTECH, que simplifica muito a instala\u00e7\u00e3o do driver. A possibilidade de escolher entre os seus 4 tamanhos, 2 temperaturas de cor, forma quadrada ou circular e instala\u00e7\u00e3o embutida ou saliente tornam este Downlight o mais vers\u00e1til e atraente do mercado. O driver tamb\u00e9m \u00e9 remov\u00edvel e intercambi\u00e1vel. O conjunto KENTAU LED \u00e9 embutido, embora tamb\u00e9m possa ser instalado na superf\u00edcie, utilizando um acess\u00f3rio. O downlight KENTAU LED, de formato circular, possui corpo em alum\u00ednio e difusor em policarbonato, e \u00e9 de cor n\u00edquel com acabamento mate. Adequado para ilumina\u00e7\u00e3o interna, com um \u00edndice de prote\u00e7\u00e3o IP20, embora seja IP40 uma vez que o downlight esteja instalado. A vida \u00fatil do LED KENTAU \u00e9 L70&gt; 50.000h. De baixo consumo, este downlight tem uma pot\u00eancia de 20W e um fluxo luminoso de 2.173 lumens, com tens\u00e3o de 230V AC. O downlight est\u00e1 equipado com 3.000K l\u00e2mpadas LED com temperatura de cor e tom de luz quente. Com boas qualidades de luz, possui um \u00edndice de reprodu\u00e7\u00e3o de cores Ra&gt; 80, o que garante uma reprodu\u00e7\u00e3o fiel das cores dos objetos iluminados. O KENTAU mede \u00f8225 x 30 mm e o recorte do teto para a montagem deve ser \u00f8200-210 mm.<\/p>\n","protected":false},"featured_media":1790468,"template":"","meta":[],"product_cat":[6131],"product_tag":[],"familia":[{"id":25259,"name":"KENTAU","slug":"kentau-pt"}],"acf":[],"_links":{"self":[{"href":"https:\/\/prilux.es\/pt-pt\/wp-json\/wp\/v2\/product\/1807838"}],"collection":[{"href":"https:\/\/prilux.es\/pt-pt\/wp-json\/wp\/v2\/product"}],"about":[{"href":"https:\/\/prilux.es\/pt-pt\/wp-json\/wp\/v2\/types\/product"}],"version-history":[{"count":0,"href":"https:\/\/prilux.es\/pt-pt\/wp-json\/wp\/v2\/product\/1807838\/revisions"}],"wp:featuredmedia":[{"embeddable":true,"href":"https:\/\/prilux.es\/pt-pt\/wp-json\/wp\/v2\/media\/1790468"}],"wp:attachment":[{"href":"https:\/\/prilux.es\/pt-pt\/wp-json\/wp\/v2\/media?parent=1807838"}],"wp:term":[{"taxonomy":"product_cat","embeddable":true,"href":"https:\/\/prilux.es\/pt-pt\/wp-json\/wp\/v2\/product_cat?post=1807838"},{"taxonomy":"product_tag","embeddable":true,"href":"https:\/\/prilux.es\/pt-pt\/wp-json\/wp\/v2\/product_tag?post=1807838"},{"taxonomy":"familia","embeddable":true,"href":"https:\/\/prilux.es\/pt-pt\/wp-json\/wp\/v2\/familia?post=1807838"}],"curies":[{"name":"wp","href":"https:\/\/api.w.org\/{rel}","templated":true}]}}