{"id":212387,"date":"2021-10-25T14:08:40","date_gmt":"2021-10-25T13:08:40","guid":{"rendered":"https:\/\/www.web.prilux.cloud\/product\/essense-ball-basic-5w-850-e27-230v-erp\/"},"modified":"2022-08-02T17:28:37","modified_gmt":"2022-08-02T16:28:37","slug":"essense-ball-basic-5w-850-e27-230v-erp","status":"publish","type":"product","link":"https:\/\/prilux.es\/pt-pt\/produto\/essense-ball-basic-5w-850-e27-230v-erp\/","title":{"rendered":"ESSENSE BALL BASIC 5W 850 E27 230V ERP"},"content":{"rendered":"<p>L\u00e2mpada b\u00e1sica EsSENSE BALL com 4,5W de pot\u00eancia, com tens\u00e3o de 230V AC, da fam\u00edlia PRILUX LED BASIC. \u00c9 uma l\u00e2mpada esf\u00e9rica com tecnologia LED que proporciona consider\u00e1veis poupan\u00e7as de consumo, e possui o not\u00e1vel certificado de efici\u00eancia classe A +, que assim a certifica. Isso se traduz em uma economia de consumo de 87% em rela\u00e7\u00e3o ao uso das tradicionais l\u00e2mpadas incandescentes. EsSENSE BALL basic est\u00e1 equipado com LEDs com uma temperatura de cor de 5.000K e um tom de luz ligeiramente frio, e oferece um fluxo luminoso de 517 lumens. Al\u00e9m de economizar no consumo, essa l\u00e2mpada possui longa vida \u00fatil de 15.000 horas, reduzindo ao m\u00ednimo seu custo de manuten\u00e7\u00e3o. O \u00e2ngulo do feixe \u00e9 de 180 \u00b0: Esta l\u00e2mpada oferece uma distribui\u00e7\u00e3o extraordin\u00e1ria e sua ilumina\u00e7\u00e3o do espa\u00e7o \u00e9 da mais alta qualidade gra\u00e7as ao \u00edndice de reprodu\u00e7\u00e3o de cor Ra&gt; 80, o que garante uma reprodu\u00e7\u00e3o fiel das cores dos objetos iluminados. A l\u00e2mpada b\u00e1sica esSENSE BALL tem uma tomada E27, um difusor opalino e \u00e9 branca. Tem uma forma esf\u00e9rica de bola e as suas dimens\u00f5es s\u00e3o \u00f845 x 82 mm.<\/p>\n","protected":false},"excerpt":{"rendered":"<p>L\u00e2mpada b\u00e1sica EsSENSE BALL com 4,5W de pot\u00eancia, com tens\u00e3o de 230V AC, da fam\u00edlia PRILUX LED BASIC. \u00c9 uma l\u00e2mpada esf\u00e9rica com tecnologia LED que proporciona consider\u00e1veis poupan\u00e7as de consumo, e possui o not\u00e1vel certificado de efici\u00eancia classe A +, que assim a certifica. Isso se traduz em uma economia de consumo de 87% em rela\u00e7\u00e3o ao uso das tradicionais l\u00e2mpadas incandescentes. EsSENSE BALL basic est\u00e1 equipado com LEDs com uma temperatura de cor de 5.000K e um tom de luz ligeiramente frio, e oferece um fluxo luminoso de 517 lumens. Al\u00e9m de economizar no consumo, essa l\u00e2mpada possui longa vida \u00fatil de 15.000 horas, reduzindo ao m\u00ednimo seu custo de manuten\u00e7\u00e3o. O \u00e2ngulo do feixe \u00e9 de 180 \u00b0: Esta l\u00e2mpada oferece uma distribui\u00e7\u00e3o extraordin\u00e1ria e sua ilumina\u00e7\u00e3o do espa\u00e7o \u00e9 da mais alta qualidade gra\u00e7as ao \u00edndice de reprodu\u00e7\u00e3o de cor Ra&gt; 80, o que garante uma reprodu\u00e7\u00e3o fiel das cores dos objetos iluminados. A l\u00e2mpada b\u00e1sica esSENSE BALL tem uma tomada E27, um difusor opalino e \u00e9 branca. Tem uma forma esf\u00e9rica de bola e as suas dimens\u00f5es s\u00e3o \u00f845 x 82 mm.<\/p>\n","protected":false},"featured_media":50485,"template":"","meta":[],"product_cat":[15],"product_tag":[],"familia":[],"acf":[],"_links":{"self":[{"href":"https:\/\/prilux.es\/pt-pt\/wp-json\/wp\/v2\/product\/212387"}],"collection":[{"href":"https:\/\/prilux.es\/pt-pt\/wp-json\/wp\/v2\/product"}],"about":[{"href":"https:\/\/prilux.es\/pt-pt\/wp-json\/wp\/v2\/types\/product"}],"version-history":[{"count":0,"href":"https:\/\/prilux.es\/pt-pt\/wp-json\/wp\/v2\/product\/212387\/revisions"}],"wp:featuredmedia":[{"embeddable":true,"href":"https:\/\/prilux.es\/pt-pt\/wp-json\/wp\/v2\/media\/50485"}],"wp:attachment":[{"href":"https:\/\/prilux.es\/pt-pt\/wp-json\/wp\/v2\/media?parent=212387"}],"wp:term":[{"taxonomy":"product_cat","embeddable":true,"href":"https:\/\/prilux.es\/pt-pt\/wp-json\/wp\/v2\/product_cat?post=212387"},{"taxonomy":"product_tag","embeddable":true,"href":"https:\/\/prilux.es\/pt-pt\/wp-json\/wp\/v2\/product_tag?post=212387"},{"taxonomy":"familia","embeddable":true,"href":"https:\/\/prilux.es\/pt-pt\/wp-json\/wp\/v2\/familia?post=212387"}],"curies":[{"name":"wp","href":"https:\/\/api.w.org\/{rel}","templated":true}]}}