{"id":214137,"date":"2021-10-25T13:49:21","date_gmt":"2021-10-25T12:49:21","guid":{"rendered":"https:\/\/www.web.prilux.cloud\/product\/ligador-fita-x-ip20-5050-rgb-10mm-4-pinos\/"},"modified":"2022-08-03T13:39:52","modified_gmt":"2022-08-03T12:39:52","slug":"ligador-fita-x-ip20-5050-rgb-10mm-4-pinos","status":"publish","type":"product","link":"https:\/\/prilux.es\/pt-pt\/produto\/ligador-fita-x-ip20-5050-rgb-10mm-4-pinos\/","title":{"rendered":"LIGADOR FITA X IP20 5050 RGB 10MM 4 PINOS"},"content":{"rendered":"<p>Conector cruzado para faixa de LED STRIP RGB, da fam\u00edlia PRILUX CABINET. Para uma pot\u00eancia de 14,4 W \/ me com \u00edndice de prote\u00e7\u00e3o IP20.<\/p>\n","protected":false},"excerpt":{"rendered":"<p>Conector cruzado para faixa de LED STRIP RGB, da fam\u00edlia PRILUX CABINET. Para uma pot\u00eancia de 14,4 W \/ me com \u00edndice de prote\u00e7\u00e3o IP20.<\/p>\n","protected":false},"featured_media":52836,"template":"","meta":[],"product_cat":[15],"product_tag":[],"familia":[],"acf":[],"_links":{"self":[{"href":"https:\/\/prilux.es\/pt-pt\/wp-json\/wp\/v2\/product\/214137"}],"collection":[{"href":"https:\/\/prilux.es\/pt-pt\/wp-json\/wp\/v2\/product"}],"about":[{"href":"https:\/\/prilux.es\/pt-pt\/wp-json\/wp\/v2\/types\/product"}],"version-history":[{"count":0,"href":"https:\/\/prilux.es\/pt-pt\/wp-json\/wp\/v2\/product\/214137\/revisions"}],"wp:featuredmedia":[{"embeddable":true,"href":"https:\/\/prilux.es\/pt-pt\/wp-json\/wp\/v2\/media\/52836"}],"wp:attachment":[{"href":"https:\/\/prilux.es\/pt-pt\/wp-json\/wp\/v2\/media?parent=214137"}],"wp:term":[{"taxonomy":"product_cat","embeddable":true,"href":"https:\/\/prilux.es\/pt-pt\/wp-json\/wp\/v2\/product_cat?post=214137"},{"taxonomy":"product_tag","embeddable":true,"href":"https:\/\/prilux.es\/pt-pt\/wp-json\/wp\/v2\/product_tag?post=214137"},{"taxonomy":"familia","embeddable":true,"href":"https:\/\/prilux.es\/pt-pt\/wp-json\/wp\/v2\/familia?post=214137"}],"curies":[{"name":"wp","href":"https:\/\/api.w.org\/{rel}","templated":true}]}}