{"id":214337,"date":"2021-10-25T13:57:17","date_gmt":"2021-10-25T12:57:17","guid":{"rendered":"https:\/\/www.web.prilux.cloud\/product\/kit-8-clips-plastico-berlin-eco-t8-1200mm\/"},"modified":"2022-08-02T14:57:36","modified_gmt":"2022-08-02T13:57:36","slug":"kit-8-clips-plastico-berlin-eco-t8-1200mm","status":"publish","type":"product","link":"https:\/\/prilux.es\/pt-pt\/produto\/kit-8-clips-plastico-berlin-eco-t8-1200mm\/","title":{"rendered":"KIT 8 CLIPS PLASTICO BERLIN ECO T8 1200MM"},"content":{"rendered":"<p>Conjunto de 8 clipes de pl\u00e1stico que permitem uma f\u00e1cil abertura para a lumin\u00e1ria 36W BERL\u00cdN ECO TUBO LED IP65, da fam\u00edlia PRILUX CABINET.<\/p>\n","protected":false},"excerpt":{"rendered":"<p>Conjunto de 8 clipes de pl\u00e1stico que permitem uma f\u00e1cil abertura para a lumin\u00e1ria 36W BERL\u00cdN ECO TUBO LED IP65, da fam\u00edlia PRILUX CABINET.<\/p>\n","protected":false},"featured_media":52188,"template":"","meta":[],"product_cat":[15],"product_tag":[],"familia":[],"acf":[],"_links":{"self":[{"href":"https:\/\/prilux.es\/pt-pt\/wp-json\/wp\/v2\/product\/214337"}],"collection":[{"href":"https:\/\/prilux.es\/pt-pt\/wp-json\/wp\/v2\/product"}],"about":[{"href":"https:\/\/prilux.es\/pt-pt\/wp-json\/wp\/v2\/types\/product"}],"version-history":[{"count":0,"href":"https:\/\/prilux.es\/pt-pt\/wp-json\/wp\/v2\/product\/214337\/revisions"}],"wp:featuredmedia":[{"embeddable":true,"href":"https:\/\/prilux.es\/pt-pt\/wp-json\/wp\/v2\/media\/52188"}],"wp:attachment":[{"href":"https:\/\/prilux.es\/pt-pt\/wp-json\/wp\/v2\/media?parent=214337"}],"wp:term":[{"taxonomy":"product_cat","embeddable":true,"href":"https:\/\/prilux.es\/pt-pt\/wp-json\/wp\/v2\/product_cat?post=214337"},{"taxonomy":"product_tag","embeddable":true,"href":"https:\/\/prilux.es\/pt-pt\/wp-json\/wp\/v2\/product_tag?post=214337"},{"taxonomy":"familia","embeddable":true,"href":"https:\/\/prilux.es\/pt-pt\/wp-json\/wp\/v2\/familia?post=214337"}],"curies":[{"name":"wp","href":"https:\/\/api.w.org\/{rel}","templated":true}]}}