{"id":214341,"date":"2021-10-25T13:57:07","date_gmt":"2021-10-25T12:57:07","guid":{"rendered":"https:\/\/www.web.prilux.cloud\/product\/kit-10-clips-inox-berlin-eco-t8-1500mm\/"},"modified":"2022-08-02T14:57:56","modified_gmt":"2022-08-02T13:57:56","slug":"kit-10-clips-inox-berlin-eco-t8-1500mm","status":"publish","type":"product","link":"https:\/\/prilux.es\/pt-pt\/produto\/kit-10-clips-inox-berlin-eco-t8-1500mm\/","title":{"rendered":"KIT 10 CLIPS INOX BERLIN ECO T8 1500MM"},"content":{"rendered":"<p>Conjunto de 10 clipes met\u00e1licos de a\u00e7o inoxid\u00e1vel, que permitem uma f\u00e1cil abertura para a lumin\u00e1ria BERL\u00cdN ECO TUBO LED IP65 58W, da fam\u00edlia PRILUX CABINET.<\/p>\n","protected":false},"excerpt":{"rendered":"<p>Conjunto de 10 clipes met\u00e1licos de a\u00e7o inoxid\u00e1vel, que permitem uma f\u00e1cil abertura para a lumin\u00e1ria BERL\u00cdN ECO TUBO LED IP65 58W, da fam\u00edlia PRILUX CABINET.<\/p>\n","protected":false},"featured_media":52192,"template":"","meta":[],"product_cat":[15],"product_tag":[],"familia":[],"acf":[],"_links":{"self":[{"href":"https:\/\/prilux.es\/pt-pt\/wp-json\/wp\/v2\/product\/214341"}],"collection":[{"href":"https:\/\/prilux.es\/pt-pt\/wp-json\/wp\/v2\/product"}],"about":[{"href":"https:\/\/prilux.es\/pt-pt\/wp-json\/wp\/v2\/types\/product"}],"version-history":[{"count":0,"href":"https:\/\/prilux.es\/pt-pt\/wp-json\/wp\/v2\/product\/214341\/revisions"}],"wp:featuredmedia":[{"embeddable":true,"href":"https:\/\/prilux.es\/pt-pt\/wp-json\/wp\/v2\/media\/52192"}],"wp:attachment":[{"href":"https:\/\/prilux.es\/pt-pt\/wp-json\/wp\/v2\/media?parent=214341"}],"wp:term":[{"taxonomy":"product_cat","embeddable":true,"href":"https:\/\/prilux.es\/pt-pt\/wp-json\/wp\/v2\/product_cat?post=214341"},{"taxonomy":"product_tag","embeddable":true,"href":"https:\/\/prilux.es\/pt-pt\/wp-json\/wp\/v2\/product_tag?post=214341"},{"taxonomy":"familia","embeddable":true,"href":"https:\/\/prilux.es\/pt-pt\/wp-json\/wp\/v2\/familia?post=214341"}],"curies":[{"name":"wp","href":"https:\/\/api.w.org\/{rel}","templated":true}]}}