{"id":224816,"date":"2021-10-25T13:50:00","date_gmt":"2021-10-25T12:50:00","guid":{"rendered":"https:\/\/www.web.prilux.cloud\/product\/spotcab-smart-7w-840-gx53-230v\/"},"modified":"2022-08-02T17:03:52","modified_gmt":"2022-08-02T16:03:52","slug":"spotcab-smart-7w-840-gx53-230v","status":"publish","type":"product","link":"https:\/\/prilux.es\/pt-pt\/produto\/spotcab-smart-7w-840-gx53-230v\/","title":{"rendered":"SPOTCAB SMART 7W 840 GX53 230V"},"content":{"rendered":"<p>L\u00e2mpada LED de economia de energia SPOTCAB inteligente, da fam\u00edlia Prilux LED SMART. Com uma pot\u00eancia de 7W, a uma tens\u00e3o de 230V AC. A l\u00e2mpada economizadora oferece um fluxo luminoso de 643 lumens e est\u00e1 equipada com 4.000K l\u00e2mpadas LED com temperatura de cor e tom de luz neutro. Esta l\u00e2mpada, que tem um corpo branco, tem um soquete GX53 e o \u00e2ngulo de feixe \u00e9 de 110 \u00b0. A excelente economia de consumo oferecida por esta l\u00e2mpada \u00e9 demonstrada pela sua classe de efici\u00eancia energ\u00e9tica, que corresponde \u00e0 classe A +. Esta economia, aliada \u00e0 sua longa vida \u00fatil que ultrapassa 40.000 horas de uso, fazem dela uma l\u00e2mpada com custo m\u00ednimo de manuten\u00e7\u00e3o e que representa uma economia de consumo de 86% em rela\u00e7\u00e3o a uma l\u00e2mpada hal\u00f3gena. Com um \u00edndice de reprodu\u00e7\u00e3o de cores de Ra&gt; 80, esta l\u00e2mpada ilumina fielmente as cores dos objetos iluminados. Seu uso \u00e9 recomendado e ideal com o porta-l\u00e2mpadas Microlynx e moldura, da Prilux. Esta l\u00e2mpada \u00e9 circular e de cor branca e as suas dimens\u00f5es s\u00e3o \u00f875 x 27,6 mm.<\/p>\n","protected":false},"excerpt":{"rendered":"<p>L\u00e2mpada LED de economia de energia SPOTCAB inteligente, da fam\u00edlia Prilux LED SMART. Com uma pot\u00eancia de 7W, a uma tens\u00e3o de 230V AC. A l\u00e2mpada economizadora oferece um fluxo luminoso de 643 lumens e est\u00e1 equipada com 4.000K l\u00e2mpadas LED com temperatura de cor e tom de luz neutro. Esta l\u00e2mpada, que tem um corpo branco, tem um soquete GX53 e o \u00e2ngulo de feixe \u00e9 de 110 \u00b0. A excelente economia de consumo oferecida por esta l\u00e2mpada \u00e9 demonstrada pela sua classe de efici\u00eancia energ\u00e9tica, que corresponde \u00e0 classe A +. Esta economia, aliada \u00e0 sua longa vida \u00fatil que ultrapassa 40.000 horas de uso, fazem dela uma l\u00e2mpada com custo m\u00ednimo de manuten\u00e7\u00e3o e que representa uma economia de consumo de 86% em rela\u00e7\u00e3o a uma l\u00e2mpada hal\u00f3gena. Com um \u00edndice de reprodu\u00e7\u00e3o de cores de Ra&gt; 80, esta l\u00e2mpada ilumina fielmente as cores dos objetos iluminados. Seu uso \u00e9 recomendado e ideal com o porta-l\u00e2mpadas Microlynx e moldura, da Prilux. Esta l\u00e2mpada \u00e9 circular e de cor branca e as suas dimens\u00f5es s\u00e3o \u00f875 x 27,6 mm.<\/p>\n","protected":false},"featured_media":51287,"template":"","meta":[],"product_cat":[15],"product_tag":[],"familia":[],"acf":[],"_links":{"self":[{"href":"https:\/\/prilux.es\/pt-pt\/wp-json\/wp\/v2\/product\/224816"}],"collection":[{"href":"https:\/\/prilux.es\/pt-pt\/wp-json\/wp\/v2\/product"}],"about":[{"href":"https:\/\/prilux.es\/pt-pt\/wp-json\/wp\/v2\/types\/product"}],"version-history":[{"count":0,"href":"https:\/\/prilux.es\/pt-pt\/wp-json\/wp\/v2\/product\/224816\/revisions"}],"wp:featuredmedia":[{"embeddable":true,"href":"https:\/\/prilux.es\/pt-pt\/wp-json\/wp\/v2\/media\/51287"}],"wp:attachment":[{"href":"https:\/\/prilux.es\/pt-pt\/wp-json\/wp\/v2\/media?parent=224816"}],"wp:term":[{"taxonomy":"product_cat","embeddable":true,"href":"https:\/\/prilux.es\/pt-pt\/wp-json\/wp\/v2\/product_cat?post=224816"},{"taxonomy":"product_tag","embeddable":true,"href":"https:\/\/prilux.es\/pt-pt\/wp-json\/wp\/v2\/product_tag?post=224816"},{"taxonomy":"familia","embeddable":true,"href":"https:\/\/prilux.es\/pt-pt\/wp-json\/wp\/v2\/familia?post=224816"}],"curies":[{"name":"wp","href":"https:\/\/api.w.org\/{rel}","templated":true}]}}