{"id":2317650,"date":"2026-01-29T12:24:02","date_gmt":"2026-01-29T11:24:02","guid":{"rendered":"https:\/\/prilux.es\/product\/kentau-sq-6w-840-ac180-250v-branco\/"},"modified":"2026-01-29T12:24:18","modified_gmt":"2026-01-29T11:24:18","slug":"kentau-sq-6w-840-ac180-250v-branco","status":"publish","type":"product","link":"https:\/\/prilux.es\/pt-pt\/produto\/kentau-sq-6w-840-ac180-250v-branco\/","title":{"rendered":"KENTAU SQ 6W 840 AC180-250V BRANCO"},"content":{"rendered":"<p>Lumin\u00e1ria embutida KENTAU SQ LED, 6W, da fam\u00edlia PRILUX SILVER LED. KENTAU SQ \u00e9 um downlight de baixo consumo de energia com um design simples, puro, elegante e compacto. A sua instala\u00e7\u00e3o \u00e9 f\u00e1cil, gra\u00e7as \u00e0 sua tecnologia CELLTECH, que simplifica muito a instala\u00e7\u00e3o do driver. A possibilidade de escolher entre os seus 4 tamanhos, 2 temperaturas de cor, forma quadrada ou circular e instala\u00e7\u00e3o embutida ou saliente tornam este Downlight o mais vers\u00e1til e atraente do mercado. O driver tamb\u00e9m \u00e9 remov\u00edvel e intercambi\u00e1vel. A montagem do KENTAU SQ LED \u00e9 embutida, embora tamb\u00e9m possa ser instalada na superf\u00edcie, utilizando um acess\u00f3rio. O downlight KENTAU SQ LED, de formato quadrado, tem corpo em alum\u00ednio e difusor em policarbonato e \u00e9 branco. Adequada para ilumina\u00e7\u00e3o interior, a lumin\u00e1ria tem um \u00edndice de prote\u00e7\u00e3o IP20, embora seja IP40 depois de instalado o downlight. A vida \u00fatil do LED KENTAU SQ \u00e9 L70&gt; 50.000h. De baixo consumo, este downlight tem uma pot\u00eancia de 6W e um fluxo luminoso de 541 lumens, a uma tens\u00e3o de 230V AC. O downlight est\u00e1 equipado com 4.000K l\u00e2mpadas LED com temperatura de cor e tom de luz neutro. Com boas qualidades de luz, possui um \u00edndice de reprodu\u00e7\u00e3o de cores Ra&gt; 80, o que garante uma reprodu\u00e7\u00e3o fiel das cores dos objetos iluminados. KENTAU SQ mede 125 x 125 x 30 mm, e o recorte do teto para a montagem deve ser 100 x 100 mm.<\/p>\n","protected":false},"excerpt":{"rendered":"<p>Lumin\u00e1ria embutida KENTAU SQ LED, 6W, da fam\u00edlia PRILUX SILVER LED. KENTAU SQ \u00e9 um downlight de baixo consumo de energia com um design simples, puro, elegante e compacto. A sua instala\u00e7\u00e3o \u00e9 f\u00e1cil, gra\u00e7as \u00e0 sua tecnologia CELLTECH, que simplifica muito a instala\u00e7\u00e3o do driver. A possibilidade de escolher entre os seus 4 tamanhos, 2 temperaturas de cor, forma quadrada ou circular e instala\u00e7\u00e3o embutida ou saliente tornam este Downlight o mais vers\u00e1til e atraente do mercado. O driver tamb\u00e9m \u00e9 remov\u00edvel e intercambi\u00e1vel. A montagem do KENTAU SQ LED \u00e9 embutida, embora tamb\u00e9m possa ser instalada na superf\u00edcie, utilizando um acess\u00f3rio. O downlight KENTAU SQ LED, de formato quadrado, tem corpo em alum\u00ednio e difusor em policarbonato e \u00e9 branco. Adequada para ilumina\u00e7\u00e3o interior, a lumin\u00e1ria tem um \u00edndice de prote\u00e7\u00e3o IP20, embora seja IP40 depois de instalado o downlight. A vida \u00fatil do LED KENTAU SQ \u00e9 L70&gt; 50.000h. De baixo consumo, este downlight tem uma pot\u00eancia de 6W e um fluxo luminoso de 541 lumens, a uma tens\u00e3o de 230V AC. O downlight est\u00e1 equipado com 4.000K l\u00e2mpadas LED com temperatura de cor e tom de luz neutro. Com boas qualidades de luz, possui um \u00edndice de reprodu\u00e7\u00e3o de cores Ra&gt; 80, o que garante uma reprodu\u00e7\u00e3o fiel das cores dos objetos iluminados. KENTAU SQ mede 125 x 125 x 30 mm, e o recorte do teto para a montagem deve ser 100 x 100 mm.<\/p>\n","protected":false},"featured_media":2317583,"template":"","meta":[],"product_cat":[15],"product_tag":[],"familia":[{"id":25259,"name":"KENTAU","slug":"kentau-pt"}],"acf":[],"_links":{"self":[{"href":"https:\/\/prilux.es\/pt-pt\/wp-json\/wp\/v2\/product\/2317650"}],"collection":[{"href":"https:\/\/prilux.es\/pt-pt\/wp-json\/wp\/v2\/product"}],"about":[{"href":"https:\/\/prilux.es\/pt-pt\/wp-json\/wp\/v2\/types\/product"}],"version-history":[{"count":0,"href":"https:\/\/prilux.es\/pt-pt\/wp-json\/wp\/v2\/product\/2317650\/revisions"}],"wp:featuredmedia":[{"embeddable":true,"href":"https:\/\/prilux.es\/pt-pt\/wp-json\/wp\/v2\/media\/2317583"}],"wp:attachment":[{"href":"https:\/\/prilux.es\/pt-pt\/wp-json\/wp\/v2\/media?parent=2317650"}],"wp:term":[{"taxonomy":"product_cat","embeddable":true,"href":"https:\/\/prilux.es\/pt-pt\/wp-json\/wp\/v2\/product_cat?post=2317650"},{"taxonomy":"product_tag","embeddable":true,"href":"https:\/\/prilux.es\/pt-pt\/wp-json\/wp\/v2\/product_tag?post=2317650"},{"taxonomy":"familia","embeddable":true,"href":"https:\/\/prilux.es\/pt-pt\/wp-json\/wp\/v2\/familia?post=2317650"}],"curies":[{"name":"wp","href":"https:\/\/api.w.org\/{rel}","templated":true}]}}