{"id":267747,"date":"2022-08-25T14:21:16","date_gmt":"2022-08-25T13:21:16","guid":{"rendered":"https:\/\/www.web.prilux.cloud\/product\/portalampara-gu10-gz10-con-cable-silicona\/"},"modified":"2022-12-22T16:42:03","modified_gmt":"2022-12-22T15:42:03","slug":"portalampara-gu10-gz10-con-cable-silicona","status":"publish","type":"product","link":"https:\/\/prilux.es\/pt-pt\/produto\/portalampara-gu10-gz10-con-cable-silicona\/","title":{"rendered":"PORTALAMPARA GU10\/GZ10 CON CABLE SILICONA"},"content":{"rendered":"<p>Portal\u00e1mparas hal\u00f3geno para l\u00e1mparas con casquillo GU10. Incluye un cable de silicona.<\/p>\n","protected":false},"excerpt":{"rendered":"<p>Portal\u00e1mparas hal\u00f3geno para l\u00e1mparas con casquillo GU10. Incluye un cable de silicona.<\/p>\n","protected":false},"featured_media":266947,"template":"","meta":[],"product_cat":[6124],"product_tag":[],"familia":[],"acf":[],"_links":{"self":[{"href":"https:\/\/prilux.es\/pt-pt\/wp-json\/wp\/v2\/product\/267747"}],"collection":[{"href":"https:\/\/prilux.es\/pt-pt\/wp-json\/wp\/v2\/product"}],"about":[{"href":"https:\/\/prilux.es\/pt-pt\/wp-json\/wp\/v2\/types\/product"}],"version-history":[{"count":0,"href":"https:\/\/prilux.es\/pt-pt\/wp-json\/wp\/v2\/product\/267747\/revisions"}],"wp:featuredmedia":[{"embeddable":true,"href":"https:\/\/prilux.es\/pt-pt\/wp-json\/wp\/v2\/media\/266947"}],"wp:attachment":[{"href":"https:\/\/prilux.es\/pt-pt\/wp-json\/wp\/v2\/media?parent=267747"}],"wp:term":[{"taxonomy":"product_cat","embeddable":true,"href":"https:\/\/prilux.es\/pt-pt\/wp-json\/wp\/v2\/product_cat?post=267747"},{"taxonomy":"product_tag","embeddable":true,"href":"https:\/\/prilux.es\/pt-pt\/wp-json\/wp\/v2\/product_tag?post=267747"},{"taxonomy":"familia","embeddable":true,"href":"https:\/\/prilux.es\/pt-pt\/wp-json\/wp\/v2\/familia?post=267747"}],"curies":[{"name":"wp","href":"https:\/\/api.w.org\/{rel}","templated":true}]}}