{"id":43171,"date":"2021-10-25T14:05:21","date_gmt":"2021-10-25T13:05:21","guid":{"rendered":"https:\/\/www.web.prilux.cloud\/product\/kit-adap-a-poste-42mm-egea-veria-argias\/"},"modified":"2022-01-25T00:19:16","modified_gmt":"2022-01-24T23:19:16","slug":"kit-adap-a-poste-42mm-egea-veria-argias","status":"publish","type":"product","link":"https:\/\/prilux.es\/pt-pt\/produto\/kit-adap-a-poste-42mm-egea-veria-argias\/","title":{"rendered":"KIT ADAP. A POSTE 42MM EGEA-VERIA-ARGIAS"},"content":{"rendered":"<p>Kit adaptador de poste para equipamentos de ilumina\u00e7\u00e3o p\u00fablica. Este kit adaptador permite que as lumin\u00e1rias de rua da gama PRILUX CITY LED sejam montadas em postes de 42 mm.<\/p>\n","protected":false},"excerpt":{"rendered":"<p>Kit adaptador de poste para equipamentos de ilumina\u00e7\u00e3o p\u00fablica. Este kit adaptador permite que as lumin\u00e1rias de rua da gama PRILUX CITY LED sejam montadas em postes de 42 mm.<\/p>\n","protected":false},"featured_media":53421,"template":"","meta":[],"product_cat":[15],"product_tag":[],"familia":[],"acf":[],"_links":{"self":[{"href":"https:\/\/prilux.es\/pt-pt\/wp-json\/wp\/v2\/product\/43171"}],"collection":[{"href":"https:\/\/prilux.es\/pt-pt\/wp-json\/wp\/v2\/product"}],"about":[{"href":"https:\/\/prilux.es\/pt-pt\/wp-json\/wp\/v2\/types\/product"}],"version-history":[{"count":0,"href":"https:\/\/prilux.es\/pt-pt\/wp-json\/wp\/v2\/product\/43171\/revisions"}],"wp:featuredmedia":[{"embeddable":true,"href":"https:\/\/prilux.es\/pt-pt\/wp-json\/wp\/v2\/media\/53421"}],"wp:attachment":[{"href":"https:\/\/prilux.es\/pt-pt\/wp-json\/wp\/v2\/media?parent=43171"}],"wp:term":[{"taxonomy":"product_cat","embeddable":true,"href":"https:\/\/prilux.es\/pt-pt\/wp-json\/wp\/v2\/product_cat?post=43171"},{"taxonomy":"product_tag","embeddable":true,"href":"https:\/\/prilux.es\/pt-pt\/wp-json\/wp\/v2\/product_tag?post=43171"},{"taxonomy":"familia","embeddable":true,"href":"https:\/\/prilux.es\/pt-pt\/wp-json\/wp\/v2\/familia?post=43171"}],"curies":[{"name":"wp","href":"https:\/\/api.w.org\/{rel}","templated":true}]}}