{"id":43174,"date":"2021-10-25T14:05:21","date_gmt":"2021-10-25T13:05:21","guid":{"rendered":"https:\/\/www.web.prilux.cloud\/product\/kit-adap-para-postar-avatar-de-50-mm\/"},"modified":"2022-01-25T00:17:06","modified_gmt":"2022-01-24T23:17:06","slug":"kit-adap-para-postar-avatar-de-50-mm","status":"publish","type":"product","link":"https:\/\/prilux.es\/pt-pt\/produto\/kit-adap-para-postar-avatar-de-50-mm\/","title":{"rendered":"KIT ADAP. PARA POSTAR AVATAR DE 50 MM"},"content":{"rendered":"<p>Kit adaptador de poste para equipamentos de ilumina\u00e7\u00e3o p\u00fablica. Este kit adaptador permite que a lumin\u00e1ria de rua AVATAR da gama PRILUX CITY LED seja montada em postes de luz de 50 mm.<\/p>\n","protected":false},"excerpt":{"rendered":"<p>Kit adaptador de poste para equipamentos de ilumina\u00e7\u00e3o p\u00fablica. Este kit adaptador permite que a lumin\u00e1ria de rua AVATAR da gama PRILUX CITY LED seja montada em postes de luz de 50 mm.<\/p>\n","protected":false},"featured_media":50062,"template":"","meta":[],"product_cat":[15],"product_tag":[],"familia":[],"acf":[],"_links":{"self":[{"href":"https:\/\/prilux.es\/pt-pt\/wp-json\/wp\/v2\/product\/43174"}],"collection":[{"href":"https:\/\/prilux.es\/pt-pt\/wp-json\/wp\/v2\/product"}],"about":[{"href":"https:\/\/prilux.es\/pt-pt\/wp-json\/wp\/v2\/types\/product"}],"version-history":[{"count":0,"href":"https:\/\/prilux.es\/pt-pt\/wp-json\/wp\/v2\/product\/43174\/revisions"}],"wp:featuredmedia":[{"embeddable":true,"href":"https:\/\/prilux.es\/pt-pt\/wp-json\/wp\/v2\/media\/50062"}],"wp:attachment":[{"href":"https:\/\/prilux.es\/pt-pt\/wp-json\/wp\/v2\/media?parent=43174"}],"wp:term":[{"taxonomy":"product_cat","embeddable":true,"href":"https:\/\/prilux.es\/pt-pt\/wp-json\/wp\/v2\/product_cat?post=43174"},{"taxonomy":"product_tag","embeddable":true,"href":"https:\/\/prilux.es\/pt-pt\/wp-json\/wp\/v2\/product_tag?post=43174"},{"taxonomy":"familia","embeddable":true,"href":"https:\/\/prilux.es\/pt-pt\/wp-json\/wp\/v2\/familia?post=43174"}],"curies":[{"name":"wp","href":"https:\/\/api.w.org\/{rel}","templated":true}]}}