{"id":43176,"date":"2021-10-25T14:05:21","date_gmt":"2021-10-25T13:05:21","guid":{"rendered":"https:\/\/www.web.prilux.cloud\/product\/kit-adap-a-poste-50mm-egea-xl-nigra\/"},"modified":"2022-01-25T00:17:05","modified_gmt":"2022-01-24T23:17:05","slug":"kit-adap-a-poste-50mm-egea-xl-nigra","status":"publish","type":"product","link":"https:\/\/prilux.es\/pt-pt\/produto\/kit-adap-a-poste-50mm-egea-xl-nigra\/","title":{"rendered":"KIT ADAP. A POSTE 50MM EGEA XL &#8211; NIGRA"},"content":{"rendered":"<p>Kit adaptador de poste para equipamentos de ilumina\u00e7\u00e3o p\u00fablica. Este kit adaptador permite que as lumin\u00e1rias de rua Egea XL e Nigra da gama PRILUX CITY LED sejam montadas em postes de 50 mm.<\/p>\n","protected":false},"excerpt":{"rendered":"<p>Kit adaptador de poste para equipamentos de ilumina\u00e7\u00e3o p\u00fablica. Este kit adaptador permite que as lumin\u00e1rias de rua Egea XL e Nigra da gama PRILUX CITY LED sejam montadas em postes de 50 mm.<\/p>\n","protected":false},"featured_media":52228,"template":"","meta":[],"product_cat":[15],"product_tag":[],"familia":[],"acf":[],"_links":{"self":[{"href":"https:\/\/prilux.es\/pt-pt\/wp-json\/wp\/v2\/product\/43176"}],"collection":[{"href":"https:\/\/prilux.es\/pt-pt\/wp-json\/wp\/v2\/product"}],"about":[{"href":"https:\/\/prilux.es\/pt-pt\/wp-json\/wp\/v2\/types\/product"}],"version-history":[{"count":0,"href":"https:\/\/prilux.es\/pt-pt\/wp-json\/wp\/v2\/product\/43176\/revisions"}],"wp:featuredmedia":[{"embeddable":true,"href":"https:\/\/prilux.es\/pt-pt\/wp-json\/wp\/v2\/media\/52228"}],"wp:attachment":[{"href":"https:\/\/prilux.es\/pt-pt\/wp-json\/wp\/v2\/media?parent=43176"}],"wp:term":[{"taxonomy":"product_cat","embeddable":true,"href":"https:\/\/prilux.es\/pt-pt\/wp-json\/wp\/v2\/product_cat?post=43176"},{"taxonomy":"product_tag","embeddable":true,"href":"https:\/\/prilux.es\/pt-pt\/wp-json\/wp\/v2\/product_tag?post=43176"},{"taxonomy":"familia","embeddable":true,"href":"https:\/\/prilux.es\/pt-pt\/wp-json\/wp\/v2\/familia?post=43176"}],"curies":[{"name":"wp","href":"https:\/\/api.w.org\/{rel}","templated":true}]}}